{"id":490,"date":"2016-04-20T15:52:36","date_gmt":"2016-04-20T13:52:36","guid":{"rendered":"http:\/\/www.jowenko.com\/fr\/?page_id=490"},"modified":"2016-04-20T15:52:36","modified_gmt":"2016-04-20T13:52:36","slug":"demolition","status":"publish","type":"page","link":"https:\/\/jowenko.com\/fr\/demolition\/","title":{"rendered":"D\u00e9molition"},"content":{"rendered":"<p>Le travail avec les explosifs est soumis \u00e0 une r\u00e9glementation rigoureuse. Jowenko est titulaire de tous les permis, autorisations et agr\u00e9ments requis.<\/p>\n<p>Conform\u00e9ment \u00e0 l\u2019article 17 de la Loi sur les Explosifs \u00e0 usage civil, la soci\u00e9t\u00e9 Jowenko Explosieve Demolitie B.V est titulaire d\u2019un permis Explo II qui l\u2019autorise \u00e0 stocker, \u00e0 utiliser, \u00e0 acheter ou \u00e0 c\u00e9der toutes les sortes d\u2019explosifs.<\/p>\n<p>\u00c9tablie en Allemagne, la soci\u00e9t\u00e9 Jowenko Sprengarbeiten est titulaire d\u2019une autorisation conforme \u00e0 l\u2019article 7 de la Loi allemande sur les explosifs et cautionnant l\u2019utilisation, la circulation et le transport d\u2019explosifs en Allemagne.<\/p>\n<p>Le D\u00e9cret n\u00e9erlandais sur les conditions de travail 4.8 dispose que les travaux faisant appel aux explosifs doivent obligatoirement \u00eatre ex\u00e9cut\u00e9s par ou sous la surveillance directe d\u2019un boutefeu poss\u00e9dant un certificat d\u2019aptitude professionnelle SKO. Jowenko compte 7 boutefeux certifi\u00e9s dans ses effectifs.<br \/>\nChaque mission fait l\u2019objet d\u2019un plan de dynamitage tr\u00e8s circonstanci\u00e9 et d\u00e9taill\u00e9.<\/p>\n<p>Les boutefeux de Jowenko sont \u00e9galement titulaires du certificat d\u2019aptitude allemand et de la certification europ\u00e9enne \u00ab Certificate for Shotfiring \u00bb d\u00e9livr\u00e9e par la European Federation of Explosive Engineers.<\/p>\n<p>Dans le domaine du dynamitage, la palette Jowenko inclut les comp\u00e9tences suivantes :<\/p>\n<ul>\n<li>Travaux de dynamitage de base<\/li>\n<li>B\u00e2timents et constructions \u00e9lev\u00e9s<\/li>\n<\/ul>\n<p>&nbsp;<\/p>\n<ul>\n<li>Dynamitage sous l\u2019eau<\/li>\n<\/ul>\n<p>&nbsp;<\/p>\n<ul>\n<li>Dynamitage dans des masses chaudes<\/li>\n<\/ul>\n<p>&nbsp;<\/p>\n<ul>\n<li>Syst\u00e8mes d\u2019allumage \u00e9lectrique<\/li>\n<\/ul>\n<p>&nbsp;<\/p>\n<ul>\n<li>Syst\u00e8mes d\u2019allumage non \u00e9lectriques<\/li>\n<\/ul>\n<p>&nbsp;<\/p>\n<ul>\n<li>Allumeurs \u00e9lectroniques<\/li>\n<\/ul>\n<p>Concernant le transport des mat\u00e9riaux explosifs, tous les collaborateurs de Jowenko sont titulaires d\u2019un certificat ADR assorti de la mention \u00ab produits de la classe 1 \u00bb. Jowenko dispose en outre d\u2019un conseiller personnel sp\u00e9cialis\u00e9 en mati\u00e8res dangereuses.<\/p>\n<p>Toutes les entreprises de Jowenko sont certifi\u00e9es conform\u00e9ment \u00e0 la norme ISO-9001:2000 ainsi qu\u2019\u00e0 la norme VCA * la plus r\u00e9cente.<\/p>\n<p>&nbsp;<\/p>\n","protected":false},"excerpt":{"rendered":"<p>Le travail avec les explosifs est soumis \u00e0 une r\u00e9glementation rigoureuse. Jowenko est titulaire de tous les permis, autorisations et agr\u00e9ments requis. Conform\u00e9ment \u00e0 l\u2019article 17 de la Loi sur les Explosifs \u00e0 usage civil, la soci\u00e9t\u00e9 Jowenko Explosieve Demolitie B.V est titulaire d\u2019un permis Explo II qui l\u2019autorise \u00e0 stocker, \u00e0 utiliser, \u00e0 acheter [&hellip;]<\/p>\n","protected":false},"author":1,"featured_media":0,"parent":0,"menu_order":0,"comment_status":"closed","ping_status":"closed","template":"","meta":{"_acf_changed":false,"footnotes":""},"class_list":["post-490","page","type-page","status-publish","hentry"],"acf":[],"yoast_head":"<!-- This site is optimized with the Yoast SEO plugin v23.9 - https:\/\/yoast.com\/wordpress\/plugins\/seo\/ -->\n<title>D\u00e9molition - Jowenko<\/title>\n<meta name=\"robots\" content=\"index, follow, max-snippet:-1, max-image-preview:large, max-video-preview:-1\" \/>\n<link rel=\"canonical\" href=\"https:\/\/jowenko.com\/fr\/demolition\/\" \/>\n<meta property=\"og:locale\" content=\"fr_FR\" \/>\n<meta property=\"og:type\" content=\"article\" \/>\n<meta property=\"og:title\" content=\"D\u00e9molition - Jowenko\" \/>\n<meta property=\"og:description\" content=\"Le travail avec les explosifs est soumis \u00e0 une r\u00e9glementation rigoureuse. Jowenko est titulaire de tous les permis, autorisations et agr\u00e9ments requis. Conform\u00e9ment \u00e0 l\u2019article 17 de la Loi sur les Explosifs \u00e0 usage civil, la soci\u00e9t\u00e9 Jowenko Explosieve Demolitie B.V est titulaire d\u2019un permis Explo II qui l\u2019autorise \u00e0 stocker, \u00e0 utiliser, \u00e0 acheter [&hellip;]\" \/>\n<meta property=\"og:url\" content=\"https:\/\/jowenko.com\/fr\/demolition\/\" \/>\n<meta property=\"og:site_name\" content=\"Jowenko\" \/>\n<meta name=\"twitter:card\" content=\"summary_large_image\" \/>\n<meta name=\"twitter:label1\" content=\"Dur\u00e9e de lecture estim\u00e9e\" \/>\n\t<meta name=\"twitter:data1\" content=\"2 minutes\" \/>\n<script type=\"application\/ld+json\" class=\"yoast-schema-graph\">{\"@context\":\"https:\/\/schema.org\",\"@graph\":[{\"@type\":\"WebPage\",\"@id\":\"https:\/\/jowenko.com\/fr\/demolition\/\",\"url\":\"https:\/\/jowenko.com\/fr\/demolition\/\",\"name\":\"D\u00e9molition - Jowenko\",\"isPartOf\":{\"@id\":\"https:\/\/jowenko.com\/#website\"},\"datePublished\":\"2016-04-20T13:52:36+00:00\",\"dateModified\":\"2016-04-20T13:52:36+00:00\",\"breadcrumb\":{\"@id\":\"https:\/\/jowenko.com\/fr\/demolition\/#breadcrumb\"},\"inLanguage\":\"fr-FR\",\"potentialAction\":[{\"@type\":\"ReadAction\",\"target\":[\"https:\/\/jowenko.com\/fr\/demolition\/\"]}]},{\"@type\":\"BreadcrumbList\",\"@id\":\"https:\/\/jowenko.com\/fr\/demolition\/#breadcrumb\",\"itemListElement\":[{\"@type\":\"ListItem\",\"position\":1,\"name\":\"Home\",\"item\":\"https:\/\/jowenko.com\/fr\/\"},{\"@type\":\"ListItem\",\"position\":2,\"name\":\"D\u00e9molition\"}]},{\"@type\":\"WebSite\",\"@id\":\"https:\/\/jowenko.com\/#website\",\"url\":\"https:\/\/jowenko.com\/\",\"name\":\"Jowenko\",\"description\":\"Fabricage & Industri\u00eble Dienstverlening\",\"potentialAction\":[{\"@type\":\"SearchAction\",\"target\":{\"@type\":\"EntryPoint\",\"urlTemplate\":\"https:\/\/jowenko.com\/?s={search_term_string}\"},\"query-input\":{\"@type\":\"PropertyValueSpecification\",\"valueRequired\":true,\"valueName\":\"search_term_string\"}}],\"inLanguage\":\"fr-FR\"}]}<\/script>\n<!-- \/ Yoast SEO plugin. -->","yoast_head_json":{"title":"D\u00e9molition - Jowenko","robots":{"index":"index","follow":"follow","max-snippet":"max-snippet:-1","max-image-preview":"max-image-preview:large","max-video-preview":"max-video-preview:-1"},"canonical":"https:\/\/jowenko.com\/fr\/demolition\/","og_locale":"fr_FR","og_type":"article","og_title":"D\u00e9molition - Jowenko","og_description":"Le travail avec les explosifs est soumis \u00e0 une r\u00e9glementation rigoureuse. Jowenko est titulaire de tous les permis, autorisations et agr\u00e9ments requis. Conform\u00e9ment \u00e0 l\u2019article 17 de la Loi sur les Explosifs \u00e0 usage civil, la soci\u00e9t\u00e9 Jowenko Explosieve Demolitie B.V est titulaire d\u2019un permis Explo II qui l\u2019autorise \u00e0 stocker, \u00e0 utiliser, \u00e0 acheter [&hellip;]","og_url":"https:\/\/jowenko.com\/fr\/demolition\/","og_site_name":"Jowenko","twitter_card":"summary_large_image","twitter_misc":{"Dur\u00e9e de lecture estim\u00e9e":"2 minutes"},"schema":{"@context":"https:\/\/schema.org","@graph":[{"@type":"WebPage","@id":"https:\/\/jowenko.com\/fr\/demolition\/","url":"https:\/\/jowenko.com\/fr\/demolition\/","name":"D\u00e9molition - Jowenko","isPartOf":{"@id":"https:\/\/jowenko.com\/#website"},"datePublished":"2016-04-20T13:52:36+00:00","dateModified":"2016-04-20T13:52:36+00:00","breadcrumb":{"@id":"https:\/\/jowenko.com\/fr\/demolition\/#breadcrumb"},"inLanguage":"fr-FR","potentialAction":[{"@type":"ReadAction","target":["https:\/\/jowenko.com\/fr\/demolition\/"]}]},{"@type":"BreadcrumbList","@id":"https:\/\/jowenko.com\/fr\/demolition\/#breadcrumb","itemListElement":[{"@type":"ListItem","position":1,"name":"Home","item":"https:\/\/jowenko.com\/fr\/"},{"@type":"ListItem","position":2,"name":"D\u00e9molition"}]},{"@type":"WebSite","@id":"https:\/\/jowenko.com\/#website","url":"https:\/\/jowenko.com\/","name":"Jowenko","description":"Fabricage & Industri\u00eble Dienstverlening","potentialAction":[{"@type":"SearchAction","target":{"@type":"EntryPoint","urlTemplate":"https:\/\/jowenko.com\/?s={search_term_string}"},"query-input":{"@type":"PropertyValueSpecification","valueRequired":true,"valueName":"search_term_string"}}],"inLanguage":"fr-FR"}]}},"_links":{"self":[{"href":"https:\/\/jowenko.com\/fr\/wp-json\/wp\/v2\/pages\/490","targetHints":{"allow":["GET"]}}],"collection":[{"href":"https:\/\/jowenko.com\/fr\/wp-json\/wp\/v2\/pages"}],"about":[{"href":"https:\/\/jowenko.com\/fr\/wp-json\/wp\/v2\/types\/page"}],"author":[{"embeddable":true,"href":"https:\/\/jowenko.com\/fr\/wp-json\/wp\/v2\/users\/1"}],"replies":[{"embeddable":true,"href":"https:\/\/jowenko.com\/fr\/wp-json\/wp\/v2\/comments?post=490"}],"version-history":[{"count":1,"href":"https:\/\/jowenko.com\/fr\/wp-json\/wp\/v2\/pages\/490\/revisions"}],"predecessor-version":[{"id":491,"href":"https:\/\/jowenko.com\/fr\/wp-json\/wp\/v2\/pages\/490\/revisions\/491"}],"wp:attachment":[{"href":"https:\/\/jowenko.com\/fr\/wp-json\/wp\/v2\/media?parent=490"}],"curies":[{"name":"wp","href":"https:\/\/api.w.org\/{rel}","templated":true}]}}