{"id":270,"date":"2016-03-17T11:43:29","date_gmt":"2016-03-17T10:43:29","guid":{"rendered":"http:\/\/www.jowenko.com\/fr\/sponge-blasting\/"},"modified":"2016-04-01T15:47:18","modified_gmt":"2016-04-01T13:47:18","slug":"sponge-blasting","status":"publish","type":"page","link":"https:\/\/jowenko.com\/fr\/sponge-blasting\/","title":{"rendered":"Sponge blasting"},"content":{"rendered":"<div class=\"wpb-content-wrapper\"><p>[vc_row][vc_column][vc_empty_space height=\u00a0\u00bb50px\u00a0\u00bb][\/vc_column][\/vc_row][vc_row][vc_column width=\u00a0\u00bb2\/3&Prime;][vc_column_text]<strong>Introduction<\/strong><br \/>\nAvec propre, sec, exempt de poussi\u00e8re et de la technologie recyclable Sponge-Jet vous donne, les livres prot\u00e8gent \u00e0 la fois les r\u00e9sultats ce qui est important: l&rsquo;environnement, vos atouts, vos employ\u00e9s et vos profits. Avec Sponge-Jet vous permet Rays \u00e9ponge. Ce processus est la salet\u00e9 tr\u00e8s d\u00e9licat de surfaces sensibles telles que l&rsquo;enl\u00e8vement de la pierre. Il est possible de rayonner \u00e0 travers une dalle en b\u00e9ton dans un mode agressif, pendant 7 secondes.<br \/>\nLe type d&rsquo;\u00e9ponge (Spong Media) en combinaison avec la pression appliqu\u00e9e \u00e0 d\u00e9terminer si le nettoyage d\u00e9licat ou aller retirer agressif. Il est possible de trouver le moyen d&rsquo;or.<\/p>\n<p><strong>Que pouvez-vous faire avec Sponge-Jet?<br \/>\n<\/strong><br \/>\nAvec les syst\u00e8mes Sponge-Jet peuvent \u00eatre nettoy\u00e9s peindre s\u00e9lectivement stripping (ou \u00e9liminer les contaminants) et de r\u00e9aliser des profils de 0 \u00e0 100+ microns (4+ millim\u00e8tres). Il remplace les technologies moins efficaces comme des jets classiques, les op\u00e9rations d&rsquo;outils (m\u00e9canique), poutres avec des jets d&rsquo;eau \u00e0 haute pression et de CO2. Les abrasifs Spong m\u00e9dias qualit\u00e9 sont utilis\u00e9s pour la restauration, le nettoyage et le profilage.<br \/>\n<strong><br \/>\nPourquoi Sponge-Jet?<\/strong><br \/>\n<span style=\"text-decoration: underline;\">\u00c9missions dangereuses<br \/>\n<\/span><br \/>\nDans tous les secteurs sont des concentrations \u00e9lev\u00e9es de substances toxiques, de l&rsquo;arsenic et des m\u00e9taux lourds associ\u00e9s aux op\u00e9rations de dynamitage. Spong m\u00e9dias absorbent la majorit\u00e9 des \u00e9missions potentiellement dangereuses, ce qui entra\u00eene moins d&rsquo;exposition \u00e0 des substances nocives du personnel, moins la responsabilit\u00e9 des installations et de r\u00e9duire les co\u00fbts associ\u00e9s \u00e0 la conformit\u00e9, les essais, les litiges, le traitement et les soins de sant\u00e9 \u00e0 long terme.<br \/>\n<strong><br \/>\nCorrosion<\/strong><br \/>\nLe co\u00fbt de la corrosion est estim\u00e9 aux \u00c9tats-Unis \u00e0 276 milliards $ par ann\u00e9e. 80% de tous les cas de d\u00e9faillance des rev\u00eatements attribuable \u00e0 une mauvaise pr\u00e9paration de la surface correspondante. Sponge-Jet est la pr\u00e9paration de la surface id\u00e9ale dans les environnements les plus difficiles, et donc prolonge la vie de tous les rev\u00eatements. En cons\u00e9quence, le cycle d&rsquo;entretien et les temps d&rsquo;arr\u00eat constant est interrompu.<br \/>\n<strong><br \/>\nLes d\u00e9faillances du mat\u00e9riel<\/strong><br \/>\nLes d\u00e9faillances du mat\u00e9riel peuvent \u00eatre d\u00e9sastreuses. Instruments, l&rsquo;\u00e9lectronique et l&rsquo;\u00e9quipement rotatif peuvent tous une d\u00e9faillance pr\u00e9matur\u00e9e lorsqu&rsquo;il est expos\u00e9 \u00e0 la poussi\u00e8re abrasive ou de l&rsquo;eau. La technologie Sponge-Jet \u00e9limine jusqu&rsquo;\u00e0 99% de la poussi\u00e8re abrasive, l&rsquo;am\u00e9lioration de la fiabilit\u00e9 globale de l&rsquo;\u00e9quipement et des installations.<br \/>\n<strong><br \/>\nBlessures Eye<\/strong><br \/>\nRayons et les travaux connexes sont une cause majeure de l\u00e9sions oculaires. 1000 cas de l\u00e9sions oculaires par jour co\u00fbtent seulement dans le milieu de travail US $ 300 millions par an. Sponge-Jet se refl\u00e8te pas comme les autres abrasifs, r\u00e9duisant ainsi l&rsquo;une des principales causes de l&rsquo;\u0153il et d&rsquo;autres blessures en milieu de travail.<br \/>\n<strong><br \/>\nPollution<br \/>\n<\/strong><br \/>\nAu cours d&rsquo;une enqu\u00eate sur les chantiers navals ont fait briller comme la principale cause des \u00e9missions fugitives de l&rsquo;autobus. particules dangereuses (&lt;10 microns) causent des probl\u00e8mes dans les voies respiratoires sup\u00e9rieures, le smog et la pollution mondiale. La technologie Sponge-Jet capture jusqu&rsquo;\u00e0 99% de ces \u00e9missions, la protection de l&rsquo;environnement et la sant\u00e9 humaine.<br \/>\n<strong><br \/>\nTemps d&rsquo;arr\u00eat<br \/>\n<\/strong><br \/>\nDowntime une usine peut \u00eatre plus d&rsquo;un million par jour. Downtime associ\u00e9e \u00e0 la pr\u00e9paration de surface prend toujours plus longtemps parce que les m\u00e9caniciens, les soudeurs, les \u00e9lectriciens et autres professionnels ne peuvent pas travailler \u00e0 proximit\u00e9 des \u00e9quipements de sablage. Avec Sponge-Jet, vous pouvez rapidement r\u00e9aliser votre projet.[\/vc_column_text][\/vc_column][vc_column width=\u00a0\u00bb1\/3&Prime;][vc_single_image image=\u00a0\u00bb460&Prime; img_size=\u00a0\u00bblarge\u00a0\u00bb][\/vc_column][\/vc_row][vc_row][vc_column][vc_empty_space height=\u00a0\u00bb50px\u00a0\u00bb][\/vc_column][\/vc_row]<\/p>\n<\/div>","protected":false},"excerpt":{"rendered":"<p>[vc_row][vc_column][vc_empty_space height=\u00a0\u00bb50px\u00a0\u00bb][\/vc_column][\/vc_row][vc_row][vc_column width=\u00a0\u00bb2\/3&Prime;][vc_column_text]Introduction Avec propre, sec, exempt de poussi\u00e8re et de la technologie recyclable Sponge-Jet vous donne, les livres prot\u00e8gent \u00e0 la fois les r\u00e9sultats ce qui est important: l&rsquo;environnement, vos atouts, vos employ\u00e9s et vos profits. Avec Sponge-Jet vous permet Rays \u00e9ponge. Ce processus est la salet\u00e9 tr\u00e8s d\u00e9licat de surfaces sensibles telles que [&hellip;]<\/p>\n","protected":false},"author":1,"featured_media":0,"parent":0,"menu_order":0,"comment_status":"closed","ping_status":"closed","template":"template-pagefull.php","meta":{"_acf_changed":false,"footnotes":""},"class_list":["post-270","page","type-page","status-publish","hentry"],"acf":[],"yoast_head":"<!-- This site is optimized with the Yoast SEO plugin v23.9 - https:\/\/yoast.com\/wordpress\/plugins\/seo\/ -->\n<title>Sponge blasting - Jowenko<\/title>\n<meta name=\"robots\" content=\"index, follow, max-snippet:-1, max-image-preview:large, max-video-preview:-1\" \/>\n<link rel=\"canonical\" href=\"https:\/\/jowenko.com\/fr\/sponge-blasting\/\" \/>\n<meta property=\"og:locale\" content=\"fr_FR\" \/>\n<meta property=\"og:type\" content=\"article\" \/>\n<meta property=\"og:title\" content=\"Sponge blasting - Jowenko\" \/>\n<meta property=\"og:description\" content=\"[vc_row][vc_column][vc_empty_space height=\u00a0\u00bb50px\u00a0\u00bb][\/vc_column][\/vc_row][vc_row][vc_column width=\u00a0\u00bb2\/3&Prime;][vc_column_text]Introduction Avec propre, sec, exempt de poussi\u00e8re et de la technologie recyclable Sponge-Jet vous donne, les livres prot\u00e8gent \u00e0 la fois les r\u00e9sultats ce qui est important: l&rsquo;environnement, vos atouts, vos employ\u00e9s et vos profits. Avec Sponge-Jet vous permet Rays \u00e9ponge. Ce processus est la salet\u00e9 tr\u00e8s d\u00e9licat de surfaces sensibles telles que [&hellip;]\" \/>\n<meta property=\"og:url\" content=\"https:\/\/jowenko.com\/fr\/sponge-blasting\/\" \/>\n<meta property=\"og:site_name\" content=\"Jowenko\" \/>\n<meta property=\"article:modified_time\" content=\"2016-04-01T13:47:18+00:00\" \/>\n<meta name=\"twitter:card\" content=\"summary_large_image\" \/>\n<meta name=\"twitter:label1\" content=\"Dur\u00e9e de lecture estim\u00e9e\" \/>\n\t<meta name=\"twitter:data1\" content=\"3 minutes\" \/>\n<script type=\"application\/ld+json\" class=\"yoast-schema-graph\">{\"@context\":\"https:\/\/schema.org\",\"@graph\":[{\"@type\":\"WebPage\",\"@id\":\"https:\/\/jowenko.com\/fr\/sponge-blasting\/\",\"url\":\"https:\/\/jowenko.com\/fr\/sponge-blasting\/\",\"name\":\"Sponge blasting - Jowenko\",\"isPartOf\":{\"@id\":\"https:\/\/jowenko.com\/#website\"},\"datePublished\":\"2016-03-17T10:43:29+00:00\",\"dateModified\":\"2016-04-01T13:47:18+00:00\",\"breadcrumb\":{\"@id\":\"https:\/\/jowenko.com\/fr\/sponge-blasting\/#breadcrumb\"},\"inLanguage\":\"fr-FR\",\"potentialAction\":[{\"@type\":\"ReadAction\",\"target\":[\"https:\/\/jowenko.com\/fr\/sponge-blasting\/\"]}]},{\"@type\":\"BreadcrumbList\",\"@id\":\"https:\/\/jowenko.com\/fr\/sponge-blasting\/#breadcrumb\",\"itemListElement\":[{\"@type\":\"ListItem\",\"position\":1,\"name\":\"Home\",\"item\":\"https:\/\/jowenko.com\/fr\/\"},{\"@type\":\"ListItem\",\"position\":2,\"name\":\"Sponge blasting\"}]},{\"@type\":\"WebSite\",\"@id\":\"https:\/\/jowenko.com\/#website\",\"url\":\"https:\/\/jowenko.com\/\",\"name\":\"Jowenko\",\"description\":\"Fabricage & Industri\u00eble Dienstverlening\",\"potentialAction\":[{\"@type\":\"SearchAction\",\"target\":{\"@type\":\"EntryPoint\",\"urlTemplate\":\"https:\/\/jowenko.com\/?s={search_term_string}\"},\"query-input\":{\"@type\":\"PropertyValueSpecification\",\"valueRequired\":true,\"valueName\":\"search_term_string\"}}],\"inLanguage\":\"fr-FR\"}]}<\/script>\n<!-- \/ Yoast SEO plugin. -->","yoast_head_json":{"title":"Sponge blasting - Jowenko","robots":{"index":"index","follow":"follow","max-snippet":"max-snippet:-1","max-image-preview":"max-image-preview:large","max-video-preview":"max-video-preview:-1"},"canonical":"https:\/\/jowenko.com\/fr\/sponge-blasting\/","og_locale":"fr_FR","og_type":"article","og_title":"Sponge blasting - Jowenko","og_description":"[vc_row][vc_column][vc_empty_space height=\u00a0\u00bb50px\u00a0\u00bb][\/vc_column][\/vc_row][vc_row][vc_column width=\u00a0\u00bb2\/3&Prime;][vc_column_text]Introduction Avec propre, sec, exempt de poussi\u00e8re et de la technologie recyclable Sponge-Jet vous donne, les livres prot\u00e8gent \u00e0 la fois les r\u00e9sultats ce qui est important: l&rsquo;environnement, vos atouts, vos employ\u00e9s et vos profits. Avec Sponge-Jet vous permet Rays \u00e9ponge. Ce processus est la salet\u00e9 tr\u00e8s d\u00e9licat de surfaces sensibles telles que [&hellip;]","og_url":"https:\/\/jowenko.com\/fr\/sponge-blasting\/","og_site_name":"Jowenko","article_modified_time":"2016-04-01T13:47:18+00:00","twitter_card":"summary_large_image","twitter_misc":{"Dur\u00e9e de lecture estim\u00e9e":"3 minutes"},"schema":{"@context":"https:\/\/schema.org","@graph":[{"@type":"WebPage","@id":"https:\/\/jowenko.com\/fr\/sponge-blasting\/","url":"https:\/\/jowenko.com\/fr\/sponge-blasting\/","name":"Sponge blasting - Jowenko","isPartOf":{"@id":"https:\/\/jowenko.com\/#website"},"datePublished":"2016-03-17T10:43:29+00:00","dateModified":"2016-04-01T13:47:18+00:00","breadcrumb":{"@id":"https:\/\/jowenko.com\/fr\/sponge-blasting\/#breadcrumb"},"inLanguage":"fr-FR","potentialAction":[{"@type":"ReadAction","target":["https:\/\/jowenko.com\/fr\/sponge-blasting\/"]}]},{"@type":"BreadcrumbList","@id":"https:\/\/jowenko.com\/fr\/sponge-blasting\/#breadcrumb","itemListElement":[{"@type":"ListItem","position":1,"name":"Home","item":"https:\/\/jowenko.com\/fr\/"},{"@type":"ListItem","position":2,"name":"Sponge blasting"}]},{"@type":"WebSite","@id":"https:\/\/jowenko.com\/#website","url":"https:\/\/jowenko.com\/","name":"Jowenko","description":"Fabricage & Industri\u00eble Dienstverlening","potentialAction":[{"@type":"SearchAction","target":{"@type":"EntryPoint","urlTemplate":"https:\/\/jowenko.com\/?s={search_term_string}"},"query-input":{"@type":"PropertyValueSpecification","valueRequired":true,"valueName":"search_term_string"}}],"inLanguage":"fr-FR"}]}},"_links":{"self":[{"href":"https:\/\/jowenko.com\/fr\/wp-json\/wp\/v2\/pages\/270","targetHints":{"allow":["GET"]}}],"collection":[{"href":"https:\/\/jowenko.com\/fr\/wp-json\/wp\/v2\/pages"}],"about":[{"href":"https:\/\/jowenko.com\/fr\/wp-json\/wp\/v2\/types\/page"}],"author":[{"embeddable":true,"href":"https:\/\/jowenko.com\/fr\/wp-json\/wp\/v2\/users\/1"}],"replies":[{"embeddable":true,"href":"https:\/\/jowenko.com\/fr\/wp-json\/wp\/v2\/comments?post=270"}],"version-history":[{"count":5,"href":"https:\/\/jowenko.com\/fr\/wp-json\/wp\/v2\/pages\/270\/revisions"}],"predecessor-version":[{"id":475,"href":"https:\/\/jowenko.com\/fr\/wp-json\/wp\/v2\/pages\/270\/revisions\/475"}],"wp:attachment":[{"href":"https:\/\/jowenko.com\/fr\/wp-json\/wp\/v2\/media?parent=270"}],"curies":[{"name":"wp","href":"https:\/\/api.w.org\/{rel}","templated":true}]}}