{"id":246,"date":"2015-11-10T09:49:07","date_gmt":"2015-11-10T09:49:07","guid":{"rendered":"http:\/\/www.jowenko.com\/fr\/home-2\/"},"modified":"2017-05-02T09:22:25","modified_gmt":"2017-05-02T07:22:25","slug":"home","status":"publish","type":"page","link":"https:\/\/jowenko.com\/fr\/","title":{"rendered":"Home"},"content":{"rendered":"<div class=\"wpb-content-wrapper\"><p>[vc_row full_width=\u00a0\u00bbstretch_row_content_no_spaces\u00a0\u00bb el_id=\u00a0\u00bbhome-section\u00a0\u00bb el_class=\u00a0\u00bbslider1&Prime;][vc_column][rev_slider_vc alias=\u00a0\u00bbhome\u00a0\u00bb][\/vc_column][\/vc_row][vc_row el_class=\u00a0\u00bbbanner-section\u00a0\u00bb][vc_column][vc_column_text]<\/p>\n<h2>Questions ou plus d&rsquo;informations? <a class=\"button-one\" href=\"http:\/\/www.jowenko.com\/fr\/contact\/\">Contact<\/a><\/h2>\n<p>[\/vc_column_text][\/vc_column][\/vc_row][vc_row el_class=\u00a0\u00bbservices-section\u00a0\u00bb css=\u00a0\u00bb.vc_custom_1447167472594{padding-top: 60px !important;padding-bottom: 20px !important;}\u00a0\u00bb][vc_column width=\u00a0\u00bb1\/12&Prime;][\/vc_column][vc_column width=\u00a0\u00bb2\/12&Prime;][qk_service title=\u00a0\u00bbUn Service Explosif\u00a0\u00bb image=\u00a0\u00bb682&Prime; link=\u00a0\u00bbhttp:\/\/www.essindustrialcleaning.com\/?page_id=8&Prime;]Jowenko se sp\u00e9cialise dans le travail avec des explosifs sont utilis\u00e9s depuis 1980.<br \/>\n[\/qk_service][\/vc_column][vc_column width=\u00a0\u00bb2\/12&Prime;][qk_service title=\u00a0\u00bbSponge Blasting\u00a0\u00bb image=\u00a0\u00bb181&Prime; link=\u00a0\u00bb\/fr\/sponge-blasting\/\u00a0\u00bb]Avec propre, sec, exempt de poussi\u00e8re et de la technologie recyclable Sponge-Jet vous donne, les livres prot\u00e8gent \u00e0 la fois les r\u00e9sultats ce qui est important: l\u2019environnement, vos atouts, vos employ\u00e9s et vos profits.<br \/>\n[\/qk_service][\/vc_column][vc_column width=\u00a0\u00bb2\/12&Prime;][qk_service title=\u00a0\u00bbTapis de saut\u00a0\u00bb image=\u00a0\u00bb183&Prime; link=\u00a0\u00bb\/fr\/tapis-de-saut\/\u00a0\u00bb]La soci\u00e9t\u00e9 Jowenko B.V. en Industri\u00eble Dienstverlening B.V. se consacre \u00e0 la production de tapis de dynamitage. Pour ce faire, en janvier 1993, elle a rachet\u00e9 \u00e0 la soci\u00e9t\u00e9 Rubber Recycling Utrecht B.V les machines et installations de fabrication de ces tapis.[\/qk_service][\/vc_column][vc_column width=\u00a0\u00bb2\/12&Prime;][qk_service title=\u00a0\u00bbForage Dry\u00a0\u00bb image=\u00a0\u00bb184&Prime; link=\u00a0\u00bb\/fr\/drilling\/\u00a0\u00bb]Jowenko B.V. en Industrial Services BV ou A pour forer un grand nombre de trous dans le b\u00e9ton pour permettre des renforts pour \u00eatre plac\u00e9 (rebars). Pour r\u00e9pondre aux exigences de nos clients, Jowenko a un certain nombre d\u2019\u00e9quipements de forage avanc\u00e9.[\/qk_service][\/vc_column][vc_column width=\u00a0\u00bb2\/12&Prime;][qk_service title=\u00a0\u00bbAnneaux pour silos\u00a0\u00bb image=\u00a0\u00bb185&Prime; link=\u00a0\u00bb\/fr\/anneaux-pour-silos\/\u00a0\u00bb]Les anneaux pour silos (flancs de pneus de camions) sont le lestage id\u00e9al qui maintiendra en place les b\u00e2ches de vos silos.<br \/>\n[\/qk_service][\/vc_column][vc_column width=\u00a0\u00bb1\/12&Prime;][\/vc_column][\/vc_row][vc_row][vc_column][vc_video link=\u00a0\u00bbhttps:\/\/www.youtube.com\/watch?v=wd_mPn8ElnQ\u00a0\u00bb align=\u00a0\u00bbcenter\u00a0\u00bb css=\u00a0\u00bb.vc_custom_1464780188017{margin-top: 50px !important;margin-right: 250px !important;margin-bottom: 50px !important;margin-left: 250px !important;background-color: #5b5b5b !important;}\u00a0\u00bb][\/vc_column][\/vc_row]<\/p>\n<\/div>","protected":false},"excerpt":{"rendered":"<p>[vc_row full_width=\u00a0\u00bbstretch_row_content_no_spaces\u00a0\u00bb el_id=\u00a0\u00bbhome-section\u00a0\u00bb el_class=\u00a0\u00bbslider1&Prime;][vc_column][rev_slider_vc alias=\u00a0\u00bbhome\u00a0\u00bb][\/vc_column][\/vc_row][vc_row el_class=\u00a0\u00bbbanner-section\u00a0\u00bb][vc_column][vc_column_text] Questions ou plus d&rsquo;informations? Contact [\/vc_column_text][\/vc_column][\/vc_row][vc_row el_class=\u00a0\u00bbservices-section\u00a0\u00bb css=\u00a0\u00bb.vc_custom_1447167472594{padding-top: 60px !important;padding-bottom: 20px !important;}\u00a0\u00bb][vc_column width=\u00a0\u00bb1\/12&Prime;][\/vc_column][vc_column width=\u00a0\u00bb2\/12&Prime;][qk_service title=\u00a0\u00bbUn Service Explosif\u00a0\u00bb image=\u00a0\u00bb682&Prime; link=\u00a0\u00bbhttp:\/\/www.essindustrialcleaning.com\/?page_id=8&Prime;]Jowenko se sp\u00e9cialise dans le travail avec des explosifs sont utilis\u00e9s depuis 1980. [\/qk_service][\/vc_column][vc_column width=\u00a0\u00bb2\/12&Prime;][qk_service title=\u00a0\u00bbSponge Blasting\u00a0\u00bb image=\u00a0\u00bb181&Prime; link=\u00a0\u00bb\/fr\/sponge-blasting\/\u00a0\u00bb]Avec propre, sec, exempt de poussi\u00e8re et de la technologie recyclable Sponge-Jet vous [&hellip;]<\/p>\n","protected":false},"author":1,"featured_media":0,"parent":0,"menu_order":0,"comment_status":"closed","ping_status":"closed","template":"template-home.php","meta":{"_acf_changed":false,"footnotes":""},"class_list":["post-246","page","type-page","status-publish","hentry"],"acf":[],"yoast_head":"<!-- This site is optimized with the Yoast SEO plugin v23.9 - https:\/\/yoast.com\/wordpress\/plugins\/seo\/ -->\n<title>Jowenko - Fabricage &amp; Industi\u00eble Dienstverlening - Nederland<\/title>\n<meta name=\"description\" content=\"Uw leverancier voor kwaliteits springmatten en het uitvoeren van droogboorwerkzaamheden in beton\/ metselwerk\/stabilisatie.\" \/>\n<meta name=\"robots\" content=\"index, follow, max-snippet:-1, max-image-preview:large, max-video-preview:-1\" \/>\n<link rel=\"canonical\" href=\"https:\/\/jowenko.com\/fr\/\" \/>\n<meta property=\"og:locale\" content=\"fr_FR\" \/>\n<meta property=\"og:type\" content=\"article\" \/>\n<meta property=\"og:title\" content=\"Jowenko - Fabricage &amp; Industi\u00eble Dienstverlening - Nederland\" \/>\n<meta property=\"og:description\" content=\"Uw leverancier voor kwaliteits springmatten en het uitvoeren van droogboorwerkzaamheden in beton\/ metselwerk\/stabilisatie.\" \/>\n<meta property=\"og:url\" content=\"https:\/\/jowenko.com\/fr\/\" \/>\n<meta property=\"og:site_name\" content=\"Jowenko\" \/>\n<meta property=\"article:modified_time\" content=\"2017-05-02T07:22:25+00:00\" \/>\n<meta name=\"twitter:card\" content=\"summary_large_image\" \/>\n<meta name=\"twitter:label1\" content=\"Dur\u00e9e de lecture estim\u00e9e\" \/>\n\t<meta name=\"twitter:data1\" content=\"2 minutes\" \/>\n<script type=\"application\/ld+json\" class=\"yoast-schema-graph\">{\"@context\":\"https:\/\/schema.org\",\"@graph\":[{\"@type\":\"WebPage\",\"@id\":\"https:\/\/jowenko.com\/fr\/\",\"url\":\"https:\/\/jowenko.com\/fr\/\",\"name\":\"Jowenko - Fabricage & Industi\u00eble Dienstverlening - Nederland\",\"isPartOf\":{\"@id\":\"https:\/\/jowenko.com\/#website\"},\"datePublished\":\"2015-11-10T09:49:07+00:00\",\"dateModified\":\"2017-05-02T07:22:25+00:00\",\"description\":\"Uw leverancier voor kwaliteits springmatten en het uitvoeren van droogboorwerkzaamheden in beton\/ metselwerk\/stabilisatie.\",\"breadcrumb\":{\"@id\":\"https:\/\/jowenko.com\/fr\/#breadcrumb\"},\"inLanguage\":\"fr-FR\",\"potentialAction\":[{\"@type\":\"ReadAction\",\"target\":[\"https:\/\/jowenko.com\/fr\/\"]}]},{\"@type\":\"BreadcrumbList\",\"@id\":\"https:\/\/jowenko.com\/fr\/#breadcrumb\",\"itemListElement\":[{\"@type\":\"ListItem\",\"position\":1,\"name\":\"Home\",\"item\":\"https:\/\/jowenko.com\/fr\/\"},{\"@type\":\"ListItem\",\"position\":2,\"name\":\"Home\"}]},{\"@type\":\"WebSite\",\"@id\":\"https:\/\/jowenko.com\/#website\",\"url\":\"https:\/\/jowenko.com\/\",\"name\":\"Jowenko\",\"description\":\"Fabricage & Industri\u00eble Dienstverlening\",\"potentialAction\":[{\"@type\":\"SearchAction\",\"target\":{\"@type\":\"EntryPoint\",\"urlTemplate\":\"https:\/\/jowenko.com\/?s={search_term_string}\"},\"query-input\":{\"@type\":\"PropertyValueSpecification\",\"valueRequired\":true,\"valueName\":\"search_term_string\"}}],\"inLanguage\":\"fr-FR\"}]}<\/script>\n<!-- \/ Yoast SEO plugin. -->","yoast_head_json":{"title":"Jowenko - Fabricage & Industi\u00eble Dienstverlening - Nederland","description":"Uw leverancier voor kwaliteits springmatten en het uitvoeren van droogboorwerkzaamheden in beton\/ metselwerk\/stabilisatie.","robots":{"index":"index","follow":"follow","max-snippet":"max-snippet:-1","max-image-preview":"max-image-preview:large","max-video-preview":"max-video-preview:-1"},"canonical":"https:\/\/jowenko.com\/fr\/","og_locale":"fr_FR","og_type":"article","og_title":"Jowenko - Fabricage & Industi\u00eble Dienstverlening - Nederland","og_description":"Uw leverancier voor kwaliteits springmatten en het uitvoeren van droogboorwerkzaamheden in beton\/ metselwerk\/stabilisatie.","og_url":"https:\/\/jowenko.com\/fr\/","og_site_name":"Jowenko","article_modified_time":"2017-05-02T07:22:25+00:00","twitter_card":"summary_large_image","twitter_misc":{"Dur\u00e9e de lecture estim\u00e9e":"2 minutes"},"schema":{"@context":"https:\/\/schema.org","@graph":[{"@type":"WebPage","@id":"https:\/\/jowenko.com\/fr\/","url":"https:\/\/jowenko.com\/fr\/","name":"Jowenko - Fabricage & Industi\u00eble Dienstverlening - Nederland","isPartOf":{"@id":"https:\/\/jowenko.com\/#website"},"datePublished":"2015-11-10T09:49:07+00:00","dateModified":"2017-05-02T07:22:25+00:00","description":"Uw leverancier voor kwaliteits springmatten en het uitvoeren van droogboorwerkzaamheden in beton\/ metselwerk\/stabilisatie.","breadcrumb":{"@id":"https:\/\/jowenko.com\/fr\/#breadcrumb"},"inLanguage":"fr-FR","potentialAction":[{"@type":"ReadAction","target":["https:\/\/jowenko.com\/fr\/"]}]},{"@type":"BreadcrumbList","@id":"https:\/\/jowenko.com\/fr\/#breadcrumb","itemListElement":[{"@type":"ListItem","position":1,"name":"Home","item":"https:\/\/jowenko.com\/fr\/"},{"@type":"ListItem","position":2,"name":"Home"}]},{"@type":"WebSite","@id":"https:\/\/jowenko.com\/#website","url":"https:\/\/jowenko.com\/","name":"Jowenko","description":"Fabricage & Industri\u00eble Dienstverlening","potentialAction":[{"@type":"SearchAction","target":{"@type":"EntryPoint","urlTemplate":"https:\/\/jowenko.com\/?s={search_term_string}"},"query-input":{"@type":"PropertyValueSpecification","valueRequired":true,"valueName":"search_term_string"}}],"inLanguage":"fr-FR"}]}},"_links":{"self":[{"href":"https:\/\/jowenko.com\/fr\/wp-json\/wp\/v2\/pages\/246","targetHints":{"allow":["GET"]}}],"collection":[{"href":"https:\/\/jowenko.com\/fr\/wp-json\/wp\/v2\/pages"}],"about":[{"href":"https:\/\/jowenko.com\/fr\/wp-json\/wp\/v2\/types\/page"}],"author":[{"embeddable":true,"href":"https:\/\/jowenko.com\/fr\/wp-json\/wp\/v2\/users\/1"}],"replies":[{"embeddable":true,"href":"https:\/\/jowenko.com\/fr\/wp-json\/wp\/v2\/comments?post=246"}],"version-history":[{"count":32,"href":"https:\/\/jowenko.com\/fr\/wp-json\/wp\/v2\/pages\/246\/revisions"}],"predecessor-version":[{"id":695,"href":"https:\/\/jowenko.com\/fr\/wp-json\/wp\/v2\/pages\/246\/revisions\/695"}],"wp:attachment":[{"href":"https:\/\/jowenko.com\/fr\/wp-json\/wp\/v2\/media?parent=246"}],"curies":[{"name":"wp","href":"https:\/\/api.w.org\/{rel}","templated":true}]}}