{"id":238,"date":"2016-03-21T15:07:01","date_gmt":"2016-03-21T14:07:01","guid":{"rendered":"http:\/\/www.jowenko.com\/fr\/?page_id=238"},"modified":"2017-05-09T09:30:22","modified_gmt":"2017-05-09T07:30:22","slug":"tapis-de-saut","status":"publish","type":"page","link":"https:\/\/jowenko.com\/fr\/tapis-de-saut\/","title":{"rendered":"tapis de saut"},"content":{"rendered":"<div class=\"wpb-content-wrapper\"><p>[vc_row][vc_column][vc_empty_space height=\u00a0\u00bb50px\u00a0\u00bb][\/vc_column][\/vc_row][vc_row][vc_column width=\u00a0\u00bb1\/2&Prime;][vc_single_image image=\u00a0\u00bb183&Prime; img_size=\u00a0\u00bbfull\u00a0\u00bb][\/vc_column][vc_column width=\u00a0\u00bb1\/2&Prime;][vc_column_text]<strong>Tapis de dynamitage<\/strong><\/p>\n<p>La soci\u00e9t\u00e9 Jowenko B.V. se consacre \u00e0 la production de tapis de dynamitage. Pour ce faire, en janvier 1993, elle a rachet\u00e9 \u00e0 la soci\u00e9t\u00e9 Rubber Recycling Utrecht B.V les machines et installations de fabrication de ces tapis.<\/p>\n<p>Les tapis de dynamitage sont fabriqu\u00e9s \u00e0 partir de bandes de roulement de pneus de camions. Ils se pr\u00eatent \u00e0 de multiples applications dont la principale est la protection contre les projectiles pendant les explosions (\u00ab pare-\u00e9clats \u00bb). Les tapis de dynamitage constituent un mat\u00e9riel de recouvrement id\u00e9al qui accro\u00eet consid\u00e9rablement la s\u00e9curit\u00e9 des ouvriers et du public. Principal avantage, le tapis de dynamitage permet \u00e0 la pression atmosph\u00e9rique de s\u2019\u00e9chapper facilement pendant les explosions, tandis que le tapis proprement dit ne se d\u00e9place pratiquement pas.<\/p>\n<p>Les exp\u00e9riences ont montr\u00e9 son excellence \u00e0 cet \u00e9gard. Autre atout de poids, le recours aux tapis de dynamitage autorise de substantielles \u00e9conomies de co\u00fbt et de temps. Notons une autre application int\u00e9ressante de nos tapis de dynamitage : la protection contre l\u2019orni\u00e9rage, surtout dans le cas de sous-sols boueux o\u00f9 nos tapis de dynamitage se transforment en une chauss\u00e9e provisoire id\u00e9ale, sans risque de glissement \u2013 alors que ce risque subsiste avec les plaques de roulage.<\/p>\n<p>On fait \u00e9galement appel aux tapis de dynamitage pour les travaux de d\u00e9molition classiques, lorsqu\u2019il s\u2019agit, par exemple, de d\u00e9molir des \u00e9difices \u00e9lev\u00e9s situ\u00e9s \u00e0 proximit\u00e9 d\u2019autres constructions. En ce cas, les tapis de dynamitage sont utilis\u00e9s dans le double but de promouvoir la s\u00e9curit\u00e9 et d\u2019\u00e9viter les d\u00e9g\u00e2ts.<\/p>\n<p><strong>Sp\u00e9cifications techniques :<\/strong><\/p>\n<p>Les tapis de dynamitage sont fabriqu\u00e9s \u00e0 partir de bandes de roulement de pneus de camions (pneus radiaux \u00e0 carcasse en acier).<\/p>\n<ul>\n<li><strong>Poids :<\/strong>\u2028\u00b1 900 kg par tapis<\/li>\n<li><strong>Conditionnement d\u2019exp\u00e9dition :<\/strong>\u2028en rouleaux<\/li>\n<li><strong>Capacit\u00e9 de transport :<\/strong>\u2028par camion\/conteneur \u00b1 20 unit\u00e9s<\/li>\n<li><strong>Sp\u00e9cification du c\u00e2ble :<\/strong>\u2028c\u00e2ble en acier galvanis\u00e9\u2028Construction: 6 x 24 +<\/li>\n<li><strong>Diam\u00e8tre :<\/strong> 13,7 mm\u2028R\u00e9sistance \u00e0 la rupture : 1960 N\/mm2<\/li>\n<li><strong>Dimensions standard :<\/strong>\u2028300 x 400 cm<\/li>\n<\/ul>\n<p>[\/vc_column_text][\/vc_column][\/vc_row][vc_row][vc_column][vc_empty_space height=\u00a0\u00bb50px\u00a0\u00bb][\/vc_column][\/vc_row]<\/p>\n<\/div>","protected":false},"excerpt":{"rendered":"<p>[vc_row][vc_column][vc_empty_space height=\u00a0\u00bb50px\u00a0\u00bb][\/vc_column][\/vc_row][vc_row][vc_column width=\u00a0\u00bb1\/2&Prime;][vc_single_image image=\u00a0\u00bb183&Prime; img_size=\u00a0\u00bbfull\u00a0\u00bb][\/vc_column][vc_column width=\u00a0\u00bb1\/2&Prime;][vc_column_text]Tapis de dynamitage La soci\u00e9t\u00e9 Jowenko B.V. se consacre \u00e0 la production de tapis de dynamitage. Pour ce faire, en janvier 1993, elle a rachet\u00e9 \u00e0 la soci\u00e9t\u00e9 Rubber Recycling Utrecht B.V les machines et installations de fabrication de ces tapis. Les tapis de dynamitage sont fabriqu\u00e9s \u00e0 partir de [&hellip;]<\/p>\n","protected":false},"author":1,"featured_media":0,"parent":0,"menu_order":0,"comment_status":"closed","ping_status":"closed","template":"template-pagefull.php","meta":{"_acf_changed":false,"footnotes":""},"class_list":["post-238","page","type-page","status-publish","hentry"],"acf":[],"yoast_head":"<!-- This site is optimized with the Yoast SEO plugin v23.9 - https:\/\/yoast.com\/wordpress\/plugins\/seo\/ -->\n<title>tapis de saut - Jowenko<\/title>\n<meta name=\"robots\" content=\"index, follow, max-snippet:-1, max-image-preview:large, max-video-preview:-1\" \/>\n<link rel=\"canonical\" href=\"https:\/\/jowenko.com\/fr\/tapis-de-saut\/\" \/>\n<meta property=\"og:locale\" content=\"fr_FR\" \/>\n<meta property=\"og:type\" content=\"article\" \/>\n<meta property=\"og:title\" content=\"tapis de saut - Jowenko\" \/>\n<meta property=\"og:description\" content=\"[vc_row][vc_column][vc_empty_space height=\u00a0\u00bb50px\u00a0\u00bb][\/vc_column][\/vc_row][vc_row][vc_column width=\u00a0\u00bb1\/2&Prime;][vc_single_image image=\u00a0\u00bb183&Prime; img_size=\u00a0\u00bbfull\u00a0\u00bb][\/vc_column][vc_column width=\u00a0\u00bb1\/2&Prime;][vc_column_text]Tapis de dynamitage La soci\u00e9t\u00e9 Jowenko B.V. se consacre \u00e0 la production de tapis de dynamitage. Pour ce faire, en janvier 1993, elle a rachet\u00e9 \u00e0 la soci\u00e9t\u00e9 Rubber Recycling Utrecht B.V les machines et installations de fabrication de ces tapis. Les tapis de dynamitage sont fabriqu\u00e9s \u00e0 partir de [&hellip;]\" \/>\n<meta property=\"og:url\" content=\"https:\/\/jowenko.com\/fr\/tapis-de-saut\/\" \/>\n<meta property=\"og:site_name\" content=\"Jowenko\" \/>\n<meta property=\"article:modified_time\" content=\"2017-05-09T07:30:22+00:00\" \/>\n<meta name=\"twitter:card\" content=\"summary_large_image\" \/>\n<meta name=\"twitter:label1\" content=\"Dur\u00e9e de lecture estim\u00e9e\" \/>\n\t<meta name=\"twitter:data1\" content=\"2 minutes\" \/>\n<script type=\"application\/ld+json\" class=\"yoast-schema-graph\">{\"@context\":\"https:\/\/schema.org\",\"@graph\":[{\"@type\":\"WebPage\",\"@id\":\"https:\/\/jowenko.com\/fr\/tapis-de-saut\/\",\"url\":\"https:\/\/jowenko.com\/fr\/tapis-de-saut\/\",\"name\":\"tapis de saut - Jowenko\",\"isPartOf\":{\"@id\":\"https:\/\/jowenko.com\/#website\"},\"datePublished\":\"2016-03-21T14:07:01+00:00\",\"dateModified\":\"2017-05-09T07:30:22+00:00\",\"breadcrumb\":{\"@id\":\"https:\/\/jowenko.com\/fr\/tapis-de-saut\/#breadcrumb\"},\"inLanguage\":\"fr-FR\",\"potentialAction\":[{\"@type\":\"ReadAction\",\"target\":[\"https:\/\/jowenko.com\/fr\/tapis-de-saut\/\"]}]},{\"@type\":\"BreadcrumbList\",\"@id\":\"https:\/\/jowenko.com\/fr\/tapis-de-saut\/#breadcrumb\",\"itemListElement\":[{\"@type\":\"ListItem\",\"position\":1,\"name\":\"Home\",\"item\":\"https:\/\/jowenko.com\/fr\/\"},{\"@type\":\"ListItem\",\"position\":2,\"name\":\"tapis de saut\"}]},{\"@type\":\"WebSite\",\"@id\":\"https:\/\/jowenko.com\/#website\",\"url\":\"https:\/\/jowenko.com\/\",\"name\":\"Jowenko\",\"description\":\"Fabricage & Industri\u00eble Dienstverlening\",\"potentialAction\":[{\"@type\":\"SearchAction\",\"target\":{\"@type\":\"EntryPoint\",\"urlTemplate\":\"https:\/\/jowenko.com\/?s={search_term_string}\"},\"query-input\":{\"@type\":\"PropertyValueSpecification\",\"valueRequired\":true,\"valueName\":\"search_term_string\"}}],\"inLanguage\":\"fr-FR\"}]}<\/script>\n<!-- \/ Yoast SEO plugin. -->","yoast_head_json":{"title":"tapis de saut - Jowenko","robots":{"index":"index","follow":"follow","max-snippet":"max-snippet:-1","max-image-preview":"max-image-preview:large","max-video-preview":"max-video-preview:-1"},"canonical":"https:\/\/jowenko.com\/fr\/tapis-de-saut\/","og_locale":"fr_FR","og_type":"article","og_title":"tapis de saut - Jowenko","og_description":"[vc_row][vc_column][vc_empty_space height=\u00a0\u00bb50px\u00a0\u00bb][\/vc_column][\/vc_row][vc_row][vc_column width=\u00a0\u00bb1\/2&Prime;][vc_single_image image=\u00a0\u00bb183&Prime; img_size=\u00a0\u00bbfull\u00a0\u00bb][\/vc_column][vc_column width=\u00a0\u00bb1\/2&Prime;][vc_column_text]Tapis de dynamitage La soci\u00e9t\u00e9 Jowenko B.V. se consacre \u00e0 la production de tapis de dynamitage. Pour ce faire, en janvier 1993, elle a rachet\u00e9 \u00e0 la soci\u00e9t\u00e9 Rubber Recycling Utrecht B.V les machines et installations de fabrication de ces tapis. Les tapis de dynamitage sont fabriqu\u00e9s \u00e0 partir de [&hellip;]","og_url":"https:\/\/jowenko.com\/fr\/tapis-de-saut\/","og_site_name":"Jowenko","article_modified_time":"2017-05-09T07:30:22+00:00","twitter_card":"summary_large_image","twitter_misc":{"Dur\u00e9e de lecture estim\u00e9e":"2 minutes"},"schema":{"@context":"https:\/\/schema.org","@graph":[{"@type":"WebPage","@id":"https:\/\/jowenko.com\/fr\/tapis-de-saut\/","url":"https:\/\/jowenko.com\/fr\/tapis-de-saut\/","name":"tapis de saut - Jowenko","isPartOf":{"@id":"https:\/\/jowenko.com\/#website"},"datePublished":"2016-03-21T14:07:01+00:00","dateModified":"2017-05-09T07:30:22+00:00","breadcrumb":{"@id":"https:\/\/jowenko.com\/fr\/tapis-de-saut\/#breadcrumb"},"inLanguage":"fr-FR","potentialAction":[{"@type":"ReadAction","target":["https:\/\/jowenko.com\/fr\/tapis-de-saut\/"]}]},{"@type":"BreadcrumbList","@id":"https:\/\/jowenko.com\/fr\/tapis-de-saut\/#breadcrumb","itemListElement":[{"@type":"ListItem","position":1,"name":"Home","item":"https:\/\/jowenko.com\/fr\/"},{"@type":"ListItem","position":2,"name":"tapis de saut"}]},{"@type":"WebSite","@id":"https:\/\/jowenko.com\/#website","url":"https:\/\/jowenko.com\/","name":"Jowenko","description":"Fabricage & Industri\u00eble Dienstverlening","potentialAction":[{"@type":"SearchAction","target":{"@type":"EntryPoint","urlTemplate":"https:\/\/jowenko.com\/?s={search_term_string}"},"query-input":{"@type":"PropertyValueSpecification","valueRequired":true,"valueName":"search_term_string"}}],"inLanguage":"fr-FR"}]}},"_links":{"self":[{"href":"https:\/\/jowenko.com\/fr\/wp-json\/wp\/v2\/pages\/238","targetHints":{"allow":["GET"]}}],"collection":[{"href":"https:\/\/jowenko.com\/fr\/wp-json\/wp\/v2\/pages"}],"about":[{"href":"https:\/\/jowenko.com\/fr\/wp-json\/wp\/v2\/types\/page"}],"author":[{"embeddable":true,"href":"https:\/\/jowenko.com\/fr\/wp-json\/wp\/v2\/users\/1"}],"replies":[{"embeddable":true,"href":"https:\/\/jowenko.com\/fr\/wp-json\/wp\/v2\/comments?post=238"}],"version-history":[{"count":4,"href":"https:\/\/jowenko.com\/fr\/wp-json\/wp\/v2\/pages\/238\/revisions"}],"predecessor-version":[{"id":700,"href":"https:\/\/jowenko.com\/fr\/wp-json\/wp\/v2\/pages\/238\/revisions\/700"}],"wp:attachment":[{"href":"https:\/\/jowenko.com\/fr\/wp-json\/wp\/v2\/media?parent=238"}],"curies":[{"name":"wp","href":"https:\/\/api.w.org\/{rel}","templated":true}]}}