{"id":492,"date":"2016-04-20T15:53:02","date_gmt":"2016-04-20T13:53:02","guid":{"rendered":"http:\/\/www.jowenko.com\/de\/?page_id=492"},"modified":"2016-04-20T15:53:02","modified_gmt":"2016-04-20T13:53:02","slug":"abriss","status":"publish","type":"page","link":"https:\/\/jowenko.com\/de\/abriss\/","title":{"rendered":"Abriss"},"content":{"rendered":"<p>Das Arbeiten mit Sprengstoffen ist streng reglementiert. Jowenko ist im Besitz aller erforderlichen Anerkennungen und Genehmigungen.<\/p>\n<p>Jowenko Explosieve Demolitie B.V hat die sogenannte Explo II-Anerkennung, um alle Arten von Sprengstoffen lagern, verwenden und verhandeln zu d\u00fcrfen, gem\u00e4\u00df Artikel 17 des niederl\u00e4ndischen Gesetzes \u00fcber Sprengstoffe f\u00fcr zivile Nutzung (Wet Explosieven voor Civiel Gebruik).<\/p>\n<p>Jowenko Sprengarbeiten in Deutschland ist im Besitz einer Erlaubnis gem\u00e4\u00df \u00a7 7 des deutschen Sprengstoffgesetzes. Mit dieser Genehmigung ist der Umgang und Verkehr und Transport von Sprengstoffen in der Bundesrepublik Deutschland gew\u00e4hrleistet.<\/p>\n<p>Der niederl\u00e4ndische Arbeitsschutzbeschluss 4.8 schreibt vor, dass Arbeiten mit Sprengstoffen ausgef\u00fchrt werden m\u00fcssen von oder unter direkter Aufsicht von einem SKO-zertifizierten Sprengmeister. Jowenko verf\u00fcgt \u00fcber 7 zertifizierte Sprengmeister.<br \/>\nF\u00fcr jedes Projekt wird ein umfangreicher, sehr detaillierter Sprengplan erstellt.<\/p>\n<p>Die Sprengmeister von Jowenko sind auch im Besitz des deutschen Bef\u00e4higungsscheins und des europ\u00e4ischen \u201cCertificat for Shotfiring\u201d von The European Federation of Explosive Engineers.<\/p>\n<p>Die Befugnisse von Jowenko auf dem Gebiet von Sprengarbeiten sind:<\/p>\n<ul>\n<li>Basissprengarbeiten<\/li>\n<\/ul>\n<p>&nbsp;<\/p>\n<ul>\n<li>Geb\u00e4ude und Hochbau<\/li>\n<\/ul>\n<p>&nbsp;<\/p>\n<ul>\n<li>Unterwassersprengungen<\/li>\n<\/ul>\n<p>&nbsp;<\/p>\n<ul>\n<li>Sprengen in warmen Massen<\/li>\n<\/ul>\n<p>&nbsp;<\/p>\n<ul>\n<li>Elektrische Z\u00fcndungssysteme<\/li>\n<\/ul>\n<p>&nbsp;<\/p>\n<ul>\n<li>Nicht-elektrische Z\u00fcndungssysteme<\/li>\n<\/ul>\n<p>&nbsp;<\/p>\n<ul>\n<li>Elektronische Z\u00fcndungen<\/li>\n<\/ul>\n<p>Bez\u00fcglich des Transports von Sprengstoffen sind alle Mitarbeiter von Jowenko im Besitz eines ADR-Zertifikats mit Genehmigung f\u00fcr Stoffe der Klasse 1. Dar\u00fcber hinaus verf\u00fcgt Jowenko \u00fcber einen eigenen Sicherheitsberater f\u00fcr Gefahrenstoffe.<\/p>\n<p>Alle Unternehmen von Jowenko sind gem\u00e4\u00df der Norm ISO-9001:2000 zertifiziert und entsprechen den neuesten niederl\u00e4ndischen Sicherheitsvorschriften f\u00fcr das Bauwesen VCA*.<\/p>\n<p>&nbsp;<\/p>\n","protected":false},"excerpt":{"rendered":"<p>Das Arbeiten mit Sprengstoffen ist streng reglementiert. Jowenko ist im Besitz aller erforderlichen Anerkennungen und Genehmigungen. Jowenko Explosieve Demolitie B.V hat die sogenannte Explo II-Anerkennung, um alle Arten von Sprengstoffen lagern, verwenden und verhandeln zu d\u00fcrfen, gem\u00e4\u00df Artikel 17 des niederl\u00e4ndischen Gesetzes \u00fcber Sprengstoffe f\u00fcr zivile Nutzung (Wet Explosieven voor Civiel Gebruik). Jowenko Sprengarbeiten in [&hellip;]<\/p>\n","protected":false},"author":1,"featured_media":0,"parent":0,"menu_order":0,"comment_status":"closed","ping_status":"closed","template":"","meta":{"_acf_changed":false,"footnotes":""},"class_list":["post-492","page","type-page","status-publish","hentry"],"acf":[],"yoast_head":"<!-- This site is optimized with the Yoast SEO plugin v23.9 - https:\/\/yoast.com\/wordpress\/plugins\/seo\/ -->\n<title>Abriss - Jowenko<\/title>\n<meta name=\"robots\" content=\"index, follow, max-snippet:-1, max-image-preview:large, max-video-preview:-1\" \/>\n<link rel=\"canonical\" href=\"https:\/\/jowenko.com\/de\/abriss\/\" \/>\n<meta property=\"og:locale\" content=\"de_DE\" \/>\n<meta property=\"og:type\" content=\"article\" \/>\n<meta property=\"og:title\" content=\"Abriss - Jowenko\" \/>\n<meta property=\"og:description\" content=\"Das Arbeiten mit Sprengstoffen ist streng reglementiert. Jowenko ist im Besitz aller erforderlichen Anerkennungen und Genehmigungen. Jowenko Explosieve Demolitie B.V hat die sogenannte Explo II-Anerkennung, um alle Arten von Sprengstoffen lagern, verwenden und verhandeln zu d\u00fcrfen, gem\u00e4\u00df Artikel 17 des niederl\u00e4ndischen Gesetzes \u00fcber Sprengstoffe f\u00fcr zivile Nutzung (Wet Explosieven voor Civiel Gebruik). Jowenko Sprengarbeiten in [&hellip;]\" \/>\n<meta property=\"og:url\" content=\"https:\/\/jowenko.com\/de\/abriss\/\" \/>\n<meta property=\"og:site_name\" content=\"Jowenko\" \/>\n<meta name=\"twitter:card\" content=\"summary_large_image\" \/>\n<meta name=\"twitter:label1\" content=\"Gesch\u00e4tzte Lesezeit\" \/>\n\t<meta name=\"twitter:data1\" content=\"1\u00a0Minute\" \/>\n<script type=\"application\/ld+json\" class=\"yoast-schema-graph\">{\"@context\":\"https:\/\/schema.org\",\"@graph\":[{\"@type\":\"WebPage\",\"@id\":\"https:\/\/jowenko.com\/de\/abriss\/\",\"url\":\"https:\/\/jowenko.com\/de\/abriss\/\",\"name\":\"Abriss - Jowenko\",\"isPartOf\":{\"@id\":\"https:\/\/jowenko.com\/#website\"},\"datePublished\":\"2016-04-20T13:53:02+00:00\",\"dateModified\":\"2016-04-20T13:53:02+00:00\",\"breadcrumb\":{\"@id\":\"https:\/\/jowenko.com\/de\/abriss\/#breadcrumb\"},\"inLanguage\":\"de\",\"potentialAction\":[{\"@type\":\"ReadAction\",\"target\":[\"https:\/\/jowenko.com\/de\/abriss\/\"]}]},{\"@type\":\"BreadcrumbList\",\"@id\":\"https:\/\/jowenko.com\/de\/abriss\/#breadcrumb\",\"itemListElement\":[{\"@type\":\"ListItem\",\"position\":1,\"name\":\"Home\",\"item\":\"https:\/\/jowenko.com\/de\/\"},{\"@type\":\"ListItem\",\"position\":2,\"name\":\"Abriss\"}]},{\"@type\":\"WebSite\",\"@id\":\"https:\/\/jowenko.com\/#website\",\"url\":\"https:\/\/jowenko.com\/\",\"name\":\"Jowenko\",\"description\":\"Fabricage & Industri\u00eble Dienstverlening\",\"potentialAction\":[{\"@type\":\"SearchAction\",\"target\":{\"@type\":\"EntryPoint\",\"urlTemplate\":\"https:\/\/jowenko.com\/?s={search_term_string}\"},\"query-input\":{\"@type\":\"PropertyValueSpecification\",\"valueRequired\":true,\"valueName\":\"search_term_string\"}}],\"inLanguage\":\"de\"}]}<\/script>\n<!-- \/ Yoast SEO plugin. -->","yoast_head_json":{"title":"Abriss - Jowenko","robots":{"index":"index","follow":"follow","max-snippet":"max-snippet:-1","max-image-preview":"max-image-preview:large","max-video-preview":"max-video-preview:-1"},"canonical":"https:\/\/jowenko.com\/de\/abriss\/","og_locale":"de_DE","og_type":"article","og_title":"Abriss - Jowenko","og_description":"Das Arbeiten mit Sprengstoffen ist streng reglementiert. Jowenko ist im Besitz aller erforderlichen Anerkennungen und Genehmigungen. Jowenko Explosieve Demolitie B.V hat die sogenannte Explo II-Anerkennung, um alle Arten von Sprengstoffen lagern, verwenden und verhandeln zu d\u00fcrfen, gem\u00e4\u00df Artikel 17 des niederl\u00e4ndischen Gesetzes \u00fcber Sprengstoffe f\u00fcr zivile Nutzung (Wet Explosieven voor Civiel Gebruik). Jowenko Sprengarbeiten in [&hellip;]","og_url":"https:\/\/jowenko.com\/de\/abriss\/","og_site_name":"Jowenko","twitter_card":"summary_large_image","twitter_misc":{"Gesch\u00e4tzte Lesezeit":"1\u00a0Minute"},"schema":{"@context":"https:\/\/schema.org","@graph":[{"@type":"WebPage","@id":"https:\/\/jowenko.com\/de\/abriss\/","url":"https:\/\/jowenko.com\/de\/abriss\/","name":"Abriss - Jowenko","isPartOf":{"@id":"https:\/\/jowenko.com\/#website"},"datePublished":"2016-04-20T13:53:02+00:00","dateModified":"2016-04-20T13:53:02+00:00","breadcrumb":{"@id":"https:\/\/jowenko.com\/de\/abriss\/#breadcrumb"},"inLanguage":"de","potentialAction":[{"@type":"ReadAction","target":["https:\/\/jowenko.com\/de\/abriss\/"]}]},{"@type":"BreadcrumbList","@id":"https:\/\/jowenko.com\/de\/abriss\/#breadcrumb","itemListElement":[{"@type":"ListItem","position":1,"name":"Home","item":"https:\/\/jowenko.com\/de\/"},{"@type":"ListItem","position":2,"name":"Abriss"}]},{"@type":"WebSite","@id":"https:\/\/jowenko.com\/#website","url":"https:\/\/jowenko.com\/","name":"Jowenko","description":"Fabricage & Industri\u00eble Dienstverlening","potentialAction":[{"@type":"SearchAction","target":{"@type":"EntryPoint","urlTemplate":"https:\/\/jowenko.com\/?s={search_term_string}"},"query-input":{"@type":"PropertyValueSpecification","valueRequired":true,"valueName":"search_term_string"}}],"inLanguage":"de"}]}},"_links":{"self":[{"href":"https:\/\/jowenko.com\/de\/wp-json\/wp\/v2\/pages\/492","targetHints":{"allow":["GET"]}}],"collection":[{"href":"https:\/\/jowenko.com\/de\/wp-json\/wp\/v2\/pages"}],"about":[{"href":"https:\/\/jowenko.com\/de\/wp-json\/wp\/v2\/types\/page"}],"author":[{"embeddable":true,"href":"https:\/\/jowenko.com\/de\/wp-json\/wp\/v2\/users\/1"}],"replies":[{"embeddable":true,"href":"https:\/\/jowenko.com\/de\/wp-json\/wp\/v2\/comments?post=492"}],"version-history":[{"count":1,"href":"https:\/\/jowenko.com\/de\/wp-json\/wp\/v2\/pages\/492\/revisions"}],"predecessor-version":[{"id":493,"href":"https:\/\/jowenko.com\/de\/wp-json\/wp\/v2\/pages\/492\/revisions\/493"}],"wp:attachment":[{"href":"https:\/\/jowenko.com\/de\/wp-json\/wp\/v2\/media?parent=492"}],"curies":[{"name":"wp","href":"https:\/\/api.w.org\/{rel}","templated":true}]}}