{"id":271,"date":"2016-03-17T11:43:29","date_gmt":"2016-03-17T10:43:29","guid":{"rendered":"http:\/\/www.jowenko.com\/de\/sponge-blasting\/"},"modified":"2016-04-01T16:42:16","modified_gmt":"2016-04-01T14:42:16","slug":"sponge-blasting","status":"publish","type":"page","link":"https:\/\/jowenko.com\/de\/sponge-blasting\/","title":{"rendered":"Sponge blasting"},"content":{"rendered":"<div class=\"wpb-content-wrapper\"><p>[vc_row][vc_column][vc_empty_space height=&#8220;50px&#8220;][\/vc_column][\/vc_row][vc_row][vc_column width=&#8220;2\/3&#8243;][vc_column_text]<strong>Einf\u00fchrung<\/strong><br \/>\nMit sauberen, trockenen, staubfrei und recyclebar Technologie Sponge-Jet Sie gibt, sch\u00fctzen die B\u00fccher beide Ergebnisse, was wichtig ist: die Umwelt, die Ihr Verm\u00f6gen, Ihre Mitarbeiter und Ihre Gewinne. Mit Sponge-Jet k\u00f6nnen Sie Sponge Rays. Dieser Prozess ist sehr empfindlich Schmutz von empfindlichen Oberfl\u00e4chen wie Steinentfernung. Es ist m\u00f6glich, \u00fcber einen Betonpflasterstein in einem aggressiven Modus innerhalb von 7 Sekunden auszustrahlen.<br \/>\nDie Art der Schwamm (Spong Medien) in Kombination mit dem ausge\u00fcbten Druck festzustellen, ob die Reinigung von empfindlichen oder aggressive gehen zu entfernen. Es ist m\u00f6glich, den goldenen Mittelweg zu finden.<\/p>\n<p><strong>Was k\u00f6nnen Sie tun, mit Sponge-Jet?<\/strong><br \/>\nMit Sponge-Jet Systeme selektiv gereinigt werden kann Strippen malen (oder Verunreinigungen zu entfernen) und erreichen Profile von 0 bis \u00fcber 100 Mikron (4+ Millimeter). Es ersetzt weniger effiziente Technologien wie herk\u00f6mmliche D\u00fcsen, Operationen (mechanisch) Werkzeuge, Balken mit Hochdruckwasserstrahlen und CO2. Die Qualit\u00e4t Spong Medien Schleifmittel werden f\u00fcr die Restaurierung, die Reinigung und Profilierung eingesetzt.<\/p>\n<p><strong>Warum Sponge-Jet?<\/strong><br \/>\n<span style=\"text-decoration: underline;\">gef\u00e4hrliche Emissionen<br \/>\n<\/span><br \/>\nIn allen Bereichen sind hohe Konzentrationen von giftigen Substanzen, Arsen und Schwer mit Sprengarbeiten verbunden sind Metalle. Spong Medien absorbieren die Mehrheit der potenziell gef\u00e4hrliche Emissionen, was zu einer geringeren Belastung durch Schadstoffe aus dem Personal, weniger Haftung f\u00fcr Anlagen und niedrigere Kosten im Zusammenhang mit der Einhaltung, Pr\u00fcfung, Rechtsstreitigkeiten, Behandlung und Gesundheitsversorgung auf lange Sicht.<br \/>\n<strong><br \/>\nKorrosion<br \/>\n<\/strong><br \/>\nDie Kosten f\u00fcr die Korrosion wird auf 276.000.000.000 $ j\u00e4hrlich in den USA gesch\u00e4tzt. 80% aller F\u00e4lle von Beschichtungen Versagen zur\u00fcckzuf\u00fchren unsachgem\u00e4\u00dfe Vorbereitung der entsprechenden Oberfl\u00e4che. Sponge-Jet ist die ideale Vorbereitung der Oberfl\u00e4che in den schwierigsten Umgebungen und verl\u00e4ngert somit die Lebensdauer aller Beschichtungen. Als Ergebnis, wird der Zyklus von st\u00e4ndige Wartung und Ausfallzeiten unterbrochen.<br \/>\n<strong><br \/>\nAnlagenausf\u00e4lle<br \/>\n<\/strong><br \/>\nGer\u00e4teausf\u00e4lle k\u00f6nnen verheerend sein. Instrumente, Elektronik und rotierende Maschinen k\u00f6nnen alle vorzeitigen Ausfall bei abrasiven Staub oder Wasser ausgesetzt war. Die Sponge-Jet-Technologie eliminiert zu 99% der Schleifstaub auf, die allgemeine Zuverl\u00e4ssigkeit der Anlagen und Einrichtungen zu verbessern.<br \/>\n<strong><br \/>\nAugenverletzung<br \/>\n<\/strong><br \/>\nRays und die damit verbundenen Arbeiten sind eine Hauptursache f\u00fcr Augensch\u00e4den. 1.000 F\u00e4lle von Augenverletzungen kosten pro Tag nur am Arbeitsplatz 300 Millionen US $ pro Jahr. Sponge-Jet spiegelt sich nicht wie andere Schleifmittel, damit eine der wichtigsten Ursachen f\u00fcr Auge zu reduzieren und andere Verletzungen am Arbeitsplatz.<br \/>\n<strong><br \/>\nUmweltverschmutzung<\/strong><br \/>\nW\u00e4hrend einer Untersuchung auf Werften haben als die f\u00fchrende Ursache der diffusen Emissionen aus dem Bus gl\u00e4nzen. Gef\u00e4hrliche Partikel (&lt;10 Mikron) verursachen Probleme in der oberen Atemwege, Smog und der globalen Umweltverschmutzung. Die Sponge-Jet Technologie erfasst bis zu 99% dieser Emissionen auf, die Umwelt und die menschliche Gesundheit zu sch\u00fctzen.<br \/>\n<strong><br \/>\nAusfallzeit<br \/>\n<\/strong><br \/>\nAusfallzeit einer Fabrik kann mehr als eine Million pro Tag. Ausfallzeiten im Zusammenhang mit Oberfl\u00e4chenvorbereitung dauert immer l\u00e4nger, weil Mechaniker, Schwei\u00dfer, Elektriker und andere Fachleute nicht in der N\u00e4he von Strahlanlagen arbeiten k\u00f6nnen. Mit Sponge-Jet, k\u00f6nnen Sie schnell Ihr Projekt abzuschlie\u00dfen.[\/vc_column_text][\/vc_column][vc_column width=&#8220;1\/3&#8243;][vc_single_image image=&#8220;460&#8243; img_size=&#8220;large&#8220;][\/vc_column][\/vc_row][vc_row][vc_column][vc_empty_space height=&#8220;50px&#8220;][\/vc_column][\/vc_row]<\/p>\n<\/div>","protected":false},"excerpt":{"rendered":"<p>[vc_row][vc_column][vc_empty_space height=&#8220;50px&#8220;][\/vc_column][\/vc_row][vc_row][vc_column width=&#8220;2\/3&#8243;][vc_column_text]Einf\u00fchrung Mit sauberen, trockenen, staubfrei und recyclebar Technologie Sponge-Jet Sie gibt, sch\u00fctzen die B\u00fccher beide Ergebnisse, was wichtig ist: die Umwelt, die Ihr Verm\u00f6gen, Ihre Mitarbeiter und Ihre Gewinne. Mit Sponge-Jet k\u00f6nnen Sie Sponge Rays. Dieser Prozess ist sehr empfindlich Schmutz von empfindlichen Oberfl\u00e4chen wie Steinentfernung. Es ist m\u00f6glich, \u00fcber einen Betonpflasterstein in [&hellip;]<\/p>\n","protected":false},"author":1,"featured_media":0,"parent":0,"menu_order":0,"comment_status":"closed","ping_status":"closed","template":"template-pagefull.php","meta":{"_acf_changed":false,"footnotes":""},"class_list":["post-271","page","type-page","status-publish","hentry"],"acf":[],"yoast_head":"<!-- This site is optimized with the Yoast SEO plugin v23.9 - https:\/\/yoast.com\/wordpress\/plugins\/seo\/ -->\n<title>Sponge blasting - Jowenko<\/title>\n<meta name=\"robots\" content=\"index, follow, max-snippet:-1, max-image-preview:large, max-video-preview:-1\" \/>\n<link rel=\"canonical\" href=\"https:\/\/jowenko.com\/de\/sponge-blasting\/\" \/>\n<meta property=\"og:locale\" content=\"de_DE\" \/>\n<meta property=\"og:type\" content=\"article\" \/>\n<meta property=\"og:title\" content=\"Sponge blasting - Jowenko\" \/>\n<meta property=\"og:description\" content=\"[vc_row][vc_column][vc_empty_space height=&#8220;50px&#8220;][\/vc_column][\/vc_row][vc_row][vc_column width=&#8220;2\/3&#8243;][vc_column_text]Einf\u00fchrung Mit sauberen, trockenen, staubfrei und recyclebar Technologie Sponge-Jet Sie gibt, sch\u00fctzen die B\u00fccher beide Ergebnisse, was wichtig ist: die Umwelt, die Ihr Verm\u00f6gen, Ihre Mitarbeiter und Ihre Gewinne. Mit Sponge-Jet k\u00f6nnen Sie Sponge Rays. Dieser Prozess ist sehr empfindlich Schmutz von empfindlichen Oberfl\u00e4chen wie Steinentfernung. Es ist m\u00f6glich, \u00fcber einen Betonpflasterstein in [&hellip;]\" \/>\n<meta property=\"og:url\" content=\"https:\/\/jowenko.com\/de\/sponge-blasting\/\" \/>\n<meta property=\"og:site_name\" content=\"Jowenko\" \/>\n<meta property=\"article:modified_time\" content=\"2016-04-01T14:42:16+00:00\" \/>\n<meta name=\"twitter:card\" content=\"summary_large_image\" \/>\n<meta name=\"twitter:label1\" content=\"Gesch\u00e4tzte Lesezeit\" \/>\n\t<meta name=\"twitter:data1\" content=\"3\u00a0Minuten\" \/>\n<script type=\"application\/ld+json\" class=\"yoast-schema-graph\">{\"@context\":\"https:\/\/schema.org\",\"@graph\":[{\"@type\":\"WebPage\",\"@id\":\"https:\/\/jowenko.com\/de\/sponge-blasting\/\",\"url\":\"https:\/\/jowenko.com\/de\/sponge-blasting\/\",\"name\":\"Sponge blasting - Jowenko\",\"isPartOf\":{\"@id\":\"https:\/\/jowenko.com\/#website\"},\"datePublished\":\"2016-03-17T10:43:29+00:00\",\"dateModified\":\"2016-04-01T14:42:16+00:00\",\"breadcrumb\":{\"@id\":\"https:\/\/jowenko.com\/de\/sponge-blasting\/#breadcrumb\"},\"inLanguage\":\"de\",\"potentialAction\":[{\"@type\":\"ReadAction\",\"target\":[\"https:\/\/jowenko.com\/de\/sponge-blasting\/\"]}]},{\"@type\":\"BreadcrumbList\",\"@id\":\"https:\/\/jowenko.com\/de\/sponge-blasting\/#breadcrumb\",\"itemListElement\":[{\"@type\":\"ListItem\",\"position\":1,\"name\":\"Home\",\"item\":\"https:\/\/jowenko.com\/de\/\"},{\"@type\":\"ListItem\",\"position\":2,\"name\":\"Sponge blasting\"}]},{\"@type\":\"WebSite\",\"@id\":\"https:\/\/jowenko.com\/#website\",\"url\":\"https:\/\/jowenko.com\/\",\"name\":\"Jowenko\",\"description\":\"Fabricage & Industri\u00eble Dienstverlening\",\"potentialAction\":[{\"@type\":\"SearchAction\",\"target\":{\"@type\":\"EntryPoint\",\"urlTemplate\":\"https:\/\/jowenko.com\/?s={search_term_string}\"},\"query-input\":{\"@type\":\"PropertyValueSpecification\",\"valueRequired\":true,\"valueName\":\"search_term_string\"}}],\"inLanguage\":\"de\"}]}<\/script>\n<!-- \/ Yoast SEO plugin. -->","yoast_head_json":{"title":"Sponge blasting - Jowenko","robots":{"index":"index","follow":"follow","max-snippet":"max-snippet:-1","max-image-preview":"max-image-preview:large","max-video-preview":"max-video-preview:-1"},"canonical":"https:\/\/jowenko.com\/de\/sponge-blasting\/","og_locale":"de_DE","og_type":"article","og_title":"Sponge blasting - Jowenko","og_description":"[vc_row][vc_column][vc_empty_space height=&#8220;50px&#8220;][\/vc_column][\/vc_row][vc_row][vc_column width=&#8220;2\/3&#8243;][vc_column_text]Einf\u00fchrung Mit sauberen, trockenen, staubfrei und recyclebar Technologie Sponge-Jet Sie gibt, sch\u00fctzen die B\u00fccher beide Ergebnisse, was wichtig ist: die Umwelt, die Ihr Verm\u00f6gen, Ihre Mitarbeiter und Ihre Gewinne. Mit Sponge-Jet k\u00f6nnen Sie Sponge Rays. Dieser Prozess ist sehr empfindlich Schmutz von empfindlichen Oberfl\u00e4chen wie Steinentfernung. Es ist m\u00f6glich, \u00fcber einen Betonpflasterstein in [&hellip;]","og_url":"https:\/\/jowenko.com\/de\/sponge-blasting\/","og_site_name":"Jowenko","article_modified_time":"2016-04-01T14:42:16+00:00","twitter_card":"summary_large_image","twitter_misc":{"Gesch\u00e4tzte Lesezeit":"3\u00a0Minuten"},"schema":{"@context":"https:\/\/schema.org","@graph":[{"@type":"WebPage","@id":"https:\/\/jowenko.com\/de\/sponge-blasting\/","url":"https:\/\/jowenko.com\/de\/sponge-blasting\/","name":"Sponge blasting - Jowenko","isPartOf":{"@id":"https:\/\/jowenko.com\/#website"},"datePublished":"2016-03-17T10:43:29+00:00","dateModified":"2016-04-01T14:42:16+00:00","breadcrumb":{"@id":"https:\/\/jowenko.com\/de\/sponge-blasting\/#breadcrumb"},"inLanguage":"de","potentialAction":[{"@type":"ReadAction","target":["https:\/\/jowenko.com\/de\/sponge-blasting\/"]}]},{"@type":"BreadcrumbList","@id":"https:\/\/jowenko.com\/de\/sponge-blasting\/#breadcrumb","itemListElement":[{"@type":"ListItem","position":1,"name":"Home","item":"https:\/\/jowenko.com\/de\/"},{"@type":"ListItem","position":2,"name":"Sponge blasting"}]},{"@type":"WebSite","@id":"https:\/\/jowenko.com\/#website","url":"https:\/\/jowenko.com\/","name":"Jowenko","description":"Fabricage & Industri\u00eble Dienstverlening","potentialAction":[{"@type":"SearchAction","target":{"@type":"EntryPoint","urlTemplate":"https:\/\/jowenko.com\/?s={search_term_string}"},"query-input":{"@type":"PropertyValueSpecification","valueRequired":true,"valueName":"search_term_string"}}],"inLanguage":"de"}]}},"_links":{"self":[{"href":"https:\/\/jowenko.com\/de\/wp-json\/wp\/v2\/pages\/271","targetHints":{"allow":["GET"]}}],"collection":[{"href":"https:\/\/jowenko.com\/de\/wp-json\/wp\/v2\/pages"}],"about":[{"href":"https:\/\/jowenko.com\/de\/wp-json\/wp\/v2\/types\/page"}],"author":[{"embeddable":true,"href":"https:\/\/jowenko.com\/de\/wp-json\/wp\/v2\/users\/1"}],"replies":[{"embeddable":true,"href":"https:\/\/jowenko.com\/de\/wp-json\/wp\/v2\/comments?post=271"}],"version-history":[{"count":5,"href":"https:\/\/jowenko.com\/de\/wp-json\/wp\/v2\/pages\/271\/revisions"}],"predecessor-version":[{"id":476,"href":"https:\/\/jowenko.com\/de\/wp-json\/wp\/v2\/pages\/271\/revisions\/476"}],"wp:attachment":[{"href":"https:\/\/jowenko.com\/de\/wp-json\/wp\/v2\/media?parent=271"}],"curies":[{"name":"wp","href":"https:\/\/api.w.org\/{rel}","templated":true}]}}