{"id":247,"date":"2015-11-10T09:49:07","date_gmt":"2015-11-10T09:49:07","guid":{"rendered":"http:\/\/www.jowenko.com\/de\/home-2\/"},"modified":"2017-05-02T09:22:31","modified_gmt":"2017-05-02T07:22:31","slug":"home","status":"publish","type":"page","link":"https:\/\/jowenko.com\/de\/","title":{"rendered":"Home"},"content":{"rendered":"<div class=\"wpb-content-wrapper\"><p>[vc_row full_width=&#8220;stretch_row_content_no_spaces&#8220; el_id=&#8220;home-section&#8220; el_class=&#8220;slider1&#8243;][vc_column][rev_slider_vc alias=&#8220;home&#8220;][\/vc_column][\/vc_row][vc_row el_class=&#8220;banner-section&#8220;][vc_column][vc_column_text]<\/p>\n<h2>Fragen oder weitere Informationen? <a href=\"http:\/\/www.jowenko.com\/de\/contact\/\">Kontakt<\/a><\/h2>\n<p>[\/vc_column_text][\/vc_column][\/vc_row][vc_row el_class=&#8220;services-section&#8220; css=&#8220;.vc_custom_1447167472594{padding-top: 60px !important;padding-bottom: 20px !important;}&#8220;][vc_column width=&#8220;1\/12&#8243;][\/vc_column][vc_column width=&#8220;2\/12&#8243;][qk_service title=&#8220;Explosiver Service&#8220; image=&#8220;682&#8243; link=&#8220;http:\/\/www.essindustrialcleaning.com\/?page_id=8&#8243;]Jowenko spezialisiert mit Sprengstoff ist seit 1980 verwendet, in der Arbeit.<br \/>\n[\/qk_service][\/vc_column][vc_column width=&#8220;2\/12&#8243;][qk_service title=&#8220;Sponge Blasting&#8220; image=&#8220;181&#8243; link=&#8220;\/de\/sponge-blasting\/&#8220;]Mit sauberen, trockenen, staubfrei und recyclebar Technologie Sponge-Jet Sie gibt, sch\u00fctzen die B\u00fccher beide Ergebnisse, was wichtig ist: die Umwelt, die Ihr Verm\u00f6gen, Ihre Mitarbeiter und Ihre Gewinne.<\/p>\n<p>[\/qk_service][\/vc_column][vc_column width=&#8220;2\/12&#8243;][qk_service title=&#8220;Sprengmatten&#8220; image=&#8220;183&#8243; link=&#8220;\/de\/sprengmatten\/&#8220;]Jowenko B.V. en Industri\u00eble Dienstverlening B.V. hat sich auf die Produktion von Sprengmatten spezialisiert und hat daf\u00fcr im Januar 1993 die Maschinen und Anlagen f\u00fcr die Fertigung dieser Matten von Rubber Recycling Utrecht B.V. \u00fcbernommen.<br \/>\n[\/qk_service][\/vc_column][vc_column width=&#8220;2\/12&#8243;][qk_service title=&#8220;Droog boren&#8220; image=&#8220;184&#8243; link=&#8220;\/de\/drilling\/&#8220;]Jowenko B.V. &amp; Industrial Services BV oder hat eine gro\u00dfe Anzahl von L\u00f6chern in Beton zu bohren, Verst\u00e4rkungen zu erm\u00f6glichen Platziert (Bewehrungen) werden.<br \/>\n[\/qk_service][\/vc_column][vc_column width=&#8220;2\/12&#8243;][qk_service title=&#8220;Siloringe&#8220; image=&#8220;185&#8243; link=&#8220;\/de\/siloringe\/&#8220;]Siloringe (Seitenw\u00e4nde der LKW-Reifen) sind die ideale Beschwerung f\u00fcr Silofutter.<\/p>\n<p>[\/qk_service][\/vc_column][vc_column width=&#8220;1\/12&#8243;][\/vc_column][\/vc_row][vc_row][vc_column][vc_video link=&#8220;https:\/\/www.youtube.com\/watch?v=wd_mPn8ElnQ&#8220; align=&#8220;center&#8220; css=&#8220;.vc_custom_1464778747353{margin-top: 50px !important;margin-right: 250px !important;margin-bottom: 50px !important;margin-left: 250px !important;background-color: #5b5b5b !important;}&#8220;][\/vc_column][\/vc_row]<\/p>\n<\/div>","protected":false},"excerpt":{"rendered":"<p>[vc_row full_width=&#8220;stretch_row_content_no_spaces&#8220; el_id=&#8220;home-section&#8220; el_class=&#8220;slider1&#8243;][vc_column][rev_slider_vc alias=&#8220;home&#8220;][\/vc_column][\/vc_row][vc_row el_class=&#8220;banner-section&#8220;][vc_column][vc_column_text] Fragen oder weitere Informationen? Kontakt [\/vc_column_text][\/vc_column][\/vc_row][vc_row el_class=&#8220;services-section&#8220; css=&#8220;.vc_custom_1447167472594{padding-top: 60px !important;padding-bottom: 20px !important;}&#8220;][vc_column width=&#8220;1\/12&#8243;][\/vc_column][vc_column width=&#8220;2\/12&#8243;][qk_service title=&#8220;Explosiver Service&#8220; image=&#8220;682&#8243; link=&#8220;http:\/\/www.essindustrialcleaning.com\/?page_id=8&#8243;]Jowenko spezialisiert mit Sprengstoff ist seit 1980 verwendet, in der Arbeit. [\/qk_service][\/vc_column][vc_column width=&#8220;2\/12&#8243;][qk_service title=&#8220;Sponge Blasting&#8220; image=&#8220;181&#8243; link=&#8220;\/de\/sponge-blasting\/&#8220;]Mit sauberen, trockenen, staubfrei und recyclebar Technologie Sponge-Jet Sie gibt, sch\u00fctzen die B\u00fccher beide Ergebnisse, was [&hellip;]<\/p>\n","protected":false},"author":1,"featured_media":0,"parent":0,"menu_order":0,"comment_status":"closed","ping_status":"closed","template":"template-home.php","meta":{"_acf_changed":false,"footnotes":""},"class_list":["post-247","page","type-page","status-publish","hentry"],"acf":[],"yoast_head":"<!-- This site is optimized with the Yoast SEO plugin v23.9 - https:\/\/yoast.com\/wordpress\/plugins\/seo\/ -->\n<title>Jowenko - Fabricage &amp; Industi\u00eble Dienstverlening - Nederland<\/title>\n<meta name=\"description\" content=\"Uw leverancier voor kwaliteits springmatten en het uitvoeren van droogboorwerkzaamheden in beton\/ metselwerk\/stabilisatie.\" \/>\n<meta name=\"robots\" content=\"index, follow, max-snippet:-1, max-image-preview:large, max-video-preview:-1\" \/>\n<link rel=\"canonical\" href=\"https:\/\/jowenko.com\/de\/\" \/>\n<meta property=\"og:locale\" content=\"de_DE\" \/>\n<meta property=\"og:type\" content=\"article\" \/>\n<meta property=\"og:title\" content=\"Jowenko - Fabricage &amp; Industi\u00eble Dienstverlening - Nederland\" \/>\n<meta property=\"og:description\" content=\"Uw leverancier voor kwaliteits springmatten en het uitvoeren van droogboorwerkzaamheden in beton\/ metselwerk\/stabilisatie.\" \/>\n<meta property=\"og:url\" content=\"https:\/\/jowenko.com\/de\/\" \/>\n<meta property=\"og:site_name\" content=\"Jowenko\" \/>\n<meta property=\"article:modified_time\" content=\"2017-05-02T07:22:31+00:00\" \/>\n<meta name=\"twitter:card\" content=\"summary_large_image\" \/>\n<meta name=\"twitter:label1\" content=\"Gesch\u00e4tzte Lesezeit\" \/>\n\t<meta name=\"twitter:data1\" content=\"2\u00a0Minuten\" \/>\n<script type=\"application\/ld+json\" class=\"yoast-schema-graph\">{\"@context\":\"https:\/\/schema.org\",\"@graph\":[{\"@type\":\"WebPage\",\"@id\":\"https:\/\/jowenko.com\/de\/\",\"url\":\"https:\/\/jowenko.com\/de\/\",\"name\":\"Jowenko - Fabricage & Industi\u00eble Dienstverlening - Nederland\",\"isPartOf\":{\"@id\":\"https:\/\/jowenko.com\/#website\"},\"datePublished\":\"2015-11-10T09:49:07+00:00\",\"dateModified\":\"2017-05-02T07:22:31+00:00\",\"description\":\"Uw leverancier voor kwaliteits springmatten en het uitvoeren van droogboorwerkzaamheden in beton\/ metselwerk\/stabilisatie.\",\"breadcrumb\":{\"@id\":\"https:\/\/jowenko.com\/de\/#breadcrumb\"},\"inLanguage\":\"de\",\"potentialAction\":[{\"@type\":\"ReadAction\",\"target\":[\"https:\/\/jowenko.com\/de\/\"]}]},{\"@type\":\"BreadcrumbList\",\"@id\":\"https:\/\/jowenko.com\/de\/#breadcrumb\",\"itemListElement\":[{\"@type\":\"ListItem\",\"position\":1,\"name\":\"Home\",\"item\":\"https:\/\/jowenko.com\/de\/\"},{\"@type\":\"ListItem\",\"position\":2,\"name\":\"Home\"}]},{\"@type\":\"WebSite\",\"@id\":\"https:\/\/jowenko.com\/#website\",\"url\":\"https:\/\/jowenko.com\/\",\"name\":\"Jowenko\",\"description\":\"Fabricage & Industri\u00eble Dienstverlening\",\"potentialAction\":[{\"@type\":\"SearchAction\",\"target\":{\"@type\":\"EntryPoint\",\"urlTemplate\":\"https:\/\/jowenko.com\/?s={search_term_string}\"},\"query-input\":{\"@type\":\"PropertyValueSpecification\",\"valueRequired\":true,\"valueName\":\"search_term_string\"}}],\"inLanguage\":\"de\"}]}<\/script>\n<!-- \/ Yoast SEO plugin. -->","yoast_head_json":{"title":"Jowenko - Fabricage & Industi\u00eble Dienstverlening - Nederland","description":"Uw leverancier voor kwaliteits springmatten en het uitvoeren van droogboorwerkzaamheden in beton\/ metselwerk\/stabilisatie.","robots":{"index":"index","follow":"follow","max-snippet":"max-snippet:-1","max-image-preview":"max-image-preview:large","max-video-preview":"max-video-preview:-1"},"canonical":"https:\/\/jowenko.com\/de\/","og_locale":"de_DE","og_type":"article","og_title":"Jowenko - Fabricage & Industi\u00eble Dienstverlening - Nederland","og_description":"Uw leverancier voor kwaliteits springmatten en het uitvoeren van droogboorwerkzaamheden in beton\/ metselwerk\/stabilisatie.","og_url":"https:\/\/jowenko.com\/de\/","og_site_name":"Jowenko","article_modified_time":"2017-05-02T07:22:31+00:00","twitter_card":"summary_large_image","twitter_misc":{"Gesch\u00e4tzte Lesezeit":"2\u00a0Minuten"},"schema":{"@context":"https:\/\/schema.org","@graph":[{"@type":"WebPage","@id":"https:\/\/jowenko.com\/de\/","url":"https:\/\/jowenko.com\/de\/","name":"Jowenko - Fabricage & Industi\u00eble Dienstverlening - Nederland","isPartOf":{"@id":"https:\/\/jowenko.com\/#website"},"datePublished":"2015-11-10T09:49:07+00:00","dateModified":"2017-05-02T07:22:31+00:00","description":"Uw leverancier voor kwaliteits springmatten en het uitvoeren van droogboorwerkzaamheden in beton\/ metselwerk\/stabilisatie.","breadcrumb":{"@id":"https:\/\/jowenko.com\/de\/#breadcrumb"},"inLanguage":"de","potentialAction":[{"@type":"ReadAction","target":["https:\/\/jowenko.com\/de\/"]}]},{"@type":"BreadcrumbList","@id":"https:\/\/jowenko.com\/de\/#breadcrumb","itemListElement":[{"@type":"ListItem","position":1,"name":"Home","item":"https:\/\/jowenko.com\/de\/"},{"@type":"ListItem","position":2,"name":"Home"}]},{"@type":"WebSite","@id":"https:\/\/jowenko.com\/#website","url":"https:\/\/jowenko.com\/","name":"Jowenko","description":"Fabricage & Industri\u00eble Dienstverlening","potentialAction":[{"@type":"SearchAction","target":{"@type":"EntryPoint","urlTemplate":"https:\/\/jowenko.com\/?s={search_term_string}"},"query-input":{"@type":"PropertyValueSpecification","valueRequired":true,"valueName":"search_term_string"}}],"inLanguage":"de"}]}},"_links":{"self":[{"href":"https:\/\/jowenko.com\/de\/wp-json\/wp\/v2\/pages\/247","targetHints":{"allow":["GET"]}}],"collection":[{"href":"https:\/\/jowenko.com\/de\/wp-json\/wp\/v2\/pages"}],"about":[{"href":"https:\/\/jowenko.com\/de\/wp-json\/wp\/v2\/types\/page"}],"author":[{"embeddable":true,"href":"https:\/\/jowenko.com\/de\/wp-json\/wp\/v2\/users\/1"}],"replies":[{"embeddable":true,"href":"https:\/\/jowenko.com\/de\/wp-json\/wp\/v2\/comments?post=247"}],"version-history":[{"count":31,"href":"https:\/\/jowenko.com\/de\/wp-json\/wp\/v2\/pages\/247\/revisions"}],"predecessor-version":[{"id":696,"href":"https:\/\/jowenko.com\/de\/wp-json\/wp\/v2\/pages\/247\/revisions\/696"}],"wp:attachment":[{"href":"https:\/\/jowenko.com\/de\/wp-json\/wp\/v2\/media?parent=247"}],"curies":[{"name":"wp","href":"https:\/\/api.w.org\/{rel}","templated":true}]}}