{"id":240,"date":"2016-03-21T15:09:06","date_gmt":"2016-03-21T14:09:06","guid":{"rendered":"http:\/\/www.jowenko.com\/de\/?page_id=240"},"modified":"2017-05-09T09:30:47","modified_gmt":"2017-05-09T07:30:47","slug":"sprengmatten","status":"publish","type":"page","link":"https:\/\/jowenko.com\/de\/sprengmatten\/","title":{"rendered":"Sprengmatten"},"content":{"rendered":"<div class=\"wpb-content-wrapper\"><p>[vc_row][vc_column][vc_empty_space height=&#8220;50px&#8220;][\/vc_column][\/vc_row][vc_row][vc_column width=&#8220;1\/2&#8243;][vc_single_image image=&#8220;183&#8243; img_size=&#8220;full&#8220;][\/vc_column][vc_column width=&#8220;1\/2&#8243;][vc_column_text]<strong>Sprengmatten<\/strong><\/p>\n<p>Jowenko B.V. hat sich auf die Produktion von Sprengmatten spezialisiert und hat daf\u00fcr im Januar 1993 die Maschinen und Anlagen f\u00fcr die Fertigung dieser Matten von Rubber Recycling Utrecht B.V. \u00fcbernommen.<\/p>\n<p>Die Gummimatten werden aus den Lauffl\u00e4chen von LKW-Reifen hergestellt und k\u00f6nnen f\u00fcr zahllose Zwecke verwendet werden, u.a. als Schutz gegen den Explosionsschuss. Dies ist auch die am h\u00e4ufigsten angewandte Gebrauchsform der Matten. Die Sprengmatte ist ein optimales Abdeckmaterial, wodurch die Sicherheit des Personals und der Zuschauer enorm vergr\u00f6\u00dfert wird.<\/p>\n<p>Der wichtigste Vorteil der Sprengmatte ist, dass bei einer Explosion der Luftdruck durchgelassen wird, wobei die Matte selbst sich nicht oder nur kaum verschiebt. Aus Tests hat sich ergeben, dass die Sprengmatte das effektivste Abdeckmaterial ist. Eine zweite g\u00fcnstige Eigenschaft der Sprengmatte ist, dass sie eine kosten- und zeitsparende L\u00f6sung bietet.<\/p>\n<p>Eine andere, viel angewandte Gebrauchsform dieser Gummimatten ist der Schutz gegen Spurrillen. Insbesondere auf schlammigem Untergrund bilden diese Matten eine ideale provisorische Fahrbahn, ohne dass die Gefahr von Verschiebungen besteht wie das bei der Verwendung von Fahrbahnblechen vorkommen kann. Die Matten werden auch bei traditionellen Abbrucharbeiten verwendet, beispielsweise beim Abbruch von hohen Objekten in der unmittelbaren N\u00e4he von anderer Bebauung. Der Zweck der Matten dient auch bei dieser Gebrauchsform der Sicherheit und der Vermeidung von Sch\u00e4den.<\/p>\n<p><strong>Technische Spezifikationen:<\/strong><\/p>\n<p>Die Sprengmatten werden aus den Lauffl\u00e4chen von Stahl-Radial-Reifen f\u00fcr LKW\u2019s hergestellt.<\/p>\n<ul>\n<li><strong>Gewicht:<\/strong>\u2028circa 900 kg pro Matte<\/li>\n<li><strong>Art der Verladung:<\/strong>\u2028in Rollen<\/li>\n<li><strong>Transportkapazit\u00e4t:<\/strong>\u2028pro Anh\u00e4nger\/Container ca. 20 St\u00fcck<\/li>\n<li><strong>Drahtspezifizierung:<\/strong>\u2028galvanisiertes Stahlkabel\u2028Konstruktion: 6 x 24 + 7 Durchmesser: 13,7 mm\u2028Zugst\u00e4rke: 1960 N\/mm2<\/li>\n<li><strong>Standardma\u00df:<\/strong>\u2028300 x 400 cm<\/li>\n<\/ul>\n<p>[\/vc_column_text][\/vc_column][\/vc_row][vc_row][vc_column][vc_empty_space height=&#8220;50px&#8220;][\/vc_column][\/vc_row]<\/p>\n<\/div>","protected":false},"excerpt":{"rendered":"<p>[vc_row][vc_column][vc_empty_space height=&#8220;50px&#8220;][\/vc_column][\/vc_row][vc_row][vc_column width=&#8220;1\/2&#8243;][vc_single_image image=&#8220;183&#8243; img_size=&#8220;full&#8220;][\/vc_column][vc_column width=&#8220;1\/2&#8243;][vc_column_text]Sprengmatten Jowenko B.V. hat sich auf die Produktion von Sprengmatten spezialisiert und hat daf\u00fcr im Januar 1993 die Maschinen und Anlagen f\u00fcr die Fertigung dieser Matten von Rubber Recycling Utrecht B.V. \u00fcbernommen. Die Gummimatten werden aus den Lauffl\u00e4chen von LKW-Reifen hergestellt und k\u00f6nnen f\u00fcr zahllose Zwecke verwendet werden, u.a. als [&hellip;]<\/p>\n","protected":false},"author":1,"featured_media":0,"parent":0,"menu_order":0,"comment_status":"closed","ping_status":"closed","template":"template-pagefull.php","meta":{"_acf_changed":false,"footnotes":""},"class_list":["post-240","page","type-page","status-publish","hentry"],"acf":[],"yoast_head":"<!-- This site is optimized with the Yoast SEO plugin v23.9 - https:\/\/yoast.com\/wordpress\/plugins\/seo\/ -->\n<title>Sprengmatten - Jowenko<\/title>\n<meta name=\"robots\" content=\"index, follow, max-snippet:-1, max-image-preview:large, max-video-preview:-1\" \/>\n<link rel=\"canonical\" href=\"https:\/\/jowenko.com\/de\/sprengmatten\/\" \/>\n<meta property=\"og:locale\" content=\"de_DE\" \/>\n<meta property=\"og:type\" content=\"article\" \/>\n<meta property=\"og:title\" content=\"Sprengmatten - Jowenko\" \/>\n<meta property=\"og:description\" content=\"[vc_row][vc_column][vc_empty_space height=&#8220;50px&#8220;][\/vc_column][\/vc_row][vc_row][vc_column width=&#8220;1\/2&#8243;][vc_single_image image=&#8220;183&#8243; img_size=&#8220;full&#8220;][\/vc_column][vc_column width=&#8220;1\/2&#8243;][vc_column_text]Sprengmatten Jowenko B.V. hat sich auf die Produktion von Sprengmatten spezialisiert und hat daf\u00fcr im Januar 1993 die Maschinen und Anlagen f\u00fcr die Fertigung dieser Matten von Rubber Recycling Utrecht B.V. \u00fcbernommen. Die Gummimatten werden aus den Lauffl\u00e4chen von LKW-Reifen hergestellt und k\u00f6nnen f\u00fcr zahllose Zwecke verwendet werden, u.a. als [&hellip;]\" \/>\n<meta property=\"og:url\" content=\"https:\/\/jowenko.com\/de\/sprengmatten\/\" \/>\n<meta property=\"og:site_name\" content=\"Jowenko\" \/>\n<meta property=\"article:modified_time\" content=\"2017-05-09T07:30:47+00:00\" \/>\n<meta name=\"twitter:card\" content=\"summary_large_image\" \/>\n<meta name=\"twitter:label1\" content=\"Gesch\u00e4tzte Lesezeit\" \/>\n\t<meta name=\"twitter:data1\" content=\"2\u00a0Minuten\" \/>\n<script type=\"application\/ld+json\" class=\"yoast-schema-graph\">{\"@context\":\"https:\/\/schema.org\",\"@graph\":[{\"@type\":\"WebPage\",\"@id\":\"https:\/\/jowenko.com\/de\/sprengmatten\/\",\"url\":\"https:\/\/jowenko.com\/de\/sprengmatten\/\",\"name\":\"Sprengmatten - Jowenko\",\"isPartOf\":{\"@id\":\"https:\/\/jowenko.com\/#website\"},\"datePublished\":\"2016-03-21T14:09:06+00:00\",\"dateModified\":\"2017-05-09T07:30:47+00:00\",\"breadcrumb\":{\"@id\":\"https:\/\/jowenko.com\/de\/sprengmatten\/#breadcrumb\"},\"inLanguage\":\"de\",\"potentialAction\":[{\"@type\":\"ReadAction\",\"target\":[\"https:\/\/jowenko.com\/de\/sprengmatten\/\"]}]},{\"@type\":\"BreadcrumbList\",\"@id\":\"https:\/\/jowenko.com\/de\/sprengmatten\/#breadcrumb\",\"itemListElement\":[{\"@type\":\"ListItem\",\"position\":1,\"name\":\"Home\",\"item\":\"https:\/\/jowenko.com\/de\/\"},{\"@type\":\"ListItem\",\"position\":2,\"name\":\"Sprengmatten\"}]},{\"@type\":\"WebSite\",\"@id\":\"https:\/\/jowenko.com\/#website\",\"url\":\"https:\/\/jowenko.com\/\",\"name\":\"Jowenko\",\"description\":\"Fabricage & Industri\u00eble Dienstverlening\",\"potentialAction\":[{\"@type\":\"SearchAction\",\"target\":{\"@type\":\"EntryPoint\",\"urlTemplate\":\"https:\/\/jowenko.com\/?s={search_term_string}\"},\"query-input\":{\"@type\":\"PropertyValueSpecification\",\"valueRequired\":true,\"valueName\":\"search_term_string\"}}],\"inLanguage\":\"de\"}]}<\/script>\n<!-- \/ Yoast SEO plugin. -->","yoast_head_json":{"title":"Sprengmatten - Jowenko","robots":{"index":"index","follow":"follow","max-snippet":"max-snippet:-1","max-image-preview":"max-image-preview:large","max-video-preview":"max-video-preview:-1"},"canonical":"https:\/\/jowenko.com\/de\/sprengmatten\/","og_locale":"de_DE","og_type":"article","og_title":"Sprengmatten - Jowenko","og_description":"[vc_row][vc_column][vc_empty_space height=&#8220;50px&#8220;][\/vc_column][\/vc_row][vc_row][vc_column width=&#8220;1\/2&#8243;][vc_single_image image=&#8220;183&#8243; img_size=&#8220;full&#8220;][\/vc_column][vc_column width=&#8220;1\/2&#8243;][vc_column_text]Sprengmatten Jowenko B.V. hat sich auf die Produktion von Sprengmatten spezialisiert und hat daf\u00fcr im Januar 1993 die Maschinen und Anlagen f\u00fcr die Fertigung dieser Matten von Rubber Recycling Utrecht B.V. \u00fcbernommen. Die Gummimatten werden aus den Lauffl\u00e4chen von LKW-Reifen hergestellt und k\u00f6nnen f\u00fcr zahllose Zwecke verwendet werden, u.a. als [&hellip;]","og_url":"https:\/\/jowenko.com\/de\/sprengmatten\/","og_site_name":"Jowenko","article_modified_time":"2017-05-09T07:30:47+00:00","twitter_card":"summary_large_image","twitter_misc":{"Gesch\u00e4tzte Lesezeit":"2\u00a0Minuten"},"schema":{"@context":"https:\/\/schema.org","@graph":[{"@type":"WebPage","@id":"https:\/\/jowenko.com\/de\/sprengmatten\/","url":"https:\/\/jowenko.com\/de\/sprengmatten\/","name":"Sprengmatten - Jowenko","isPartOf":{"@id":"https:\/\/jowenko.com\/#website"},"datePublished":"2016-03-21T14:09:06+00:00","dateModified":"2017-05-09T07:30:47+00:00","breadcrumb":{"@id":"https:\/\/jowenko.com\/de\/sprengmatten\/#breadcrumb"},"inLanguage":"de","potentialAction":[{"@type":"ReadAction","target":["https:\/\/jowenko.com\/de\/sprengmatten\/"]}]},{"@type":"BreadcrumbList","@id":"https:\/\/jowenko.com\/de\/sprengmatten\/#breadcrumb","itemListElement":[{"@type":"ListItem","position":1,"name":"Home","item":"https:\/\/jowenko.com\/de\/"},{"@type":"ListItem","position":2,"name":"Sprengmatten"}]},{"@type":"WebSite","@id":"https:\/\/jowenko.com\/#website","url":"https:\/\/jowenko.com\/","name":"Jowenko","description":"Fabricage & Industri\u00eble Dienstverlening","potentialAction":[{"@type":"SearchAction","target":{"@type":"EntryPoint","urlTemplate":"https:\/\/jowenko.com\/?s={search_term_string}"},"query-input":{"@type":"PropertyValueSpecification","valueRequired":true,"valueName":"search_term_string"}}],"inLanguage":"de"}]}},"_links":{"self":[{"href":"https:\/\/jowenko.com\/de\/wp-json\/wp\/v2\/pages\/240","targetHints":{"allow":["GET"]}}],"collection":[{"href":"https:\/\/jowenko.com\/de\/wp-json\/wp\/v2\/pages"}],"about":[{"href":"https:\/\/jowenko.com\/de\/wp-json\/wp\/v2\/types\/page"}],"author":[{"embeddable":true,"href":"https:\/\/jowenko.com\/de\/wp-json\/wp\/v2\/users\/1"}],"replies":[{"embeddable":true,"href":"https:\/\/jowenko.com\/de\/wp-json\/wp\/v2\/comments?post=240"}],"version-history":[{"count":4,"href":"https:\/\/jowenko.com\/de\/wp-json\/wp\/v2\/pages\/240\/revisions"}],"predecessor-version":[{"id":701,"href":"https:\/\/jowenko.com\/de\/wp-json\/wp\/v2\/pages\/240\/revisions\/701"}],"wp:attachment":[{"href":"https:\/\/jowenko.com\/de\/wp-json\/wp\/v2\/media?parent=240"}],"curies":[{"name":"wp","href":"https:\/\/api.w.org\/{rel}","templated":true}]}}